{"id":1238,"date":"2012-08-28T09:10:59","date_gmt":"2012-08-28T07:10:59","guid":{"rendered":"http:\/\/noshamsters.be\/hamsteropedia\/?page_id=1238"},"modified":"2020-10-02T13:34:41","modified_gmt":"2020-10-02T11:34:41","slug":"russe-couleurs-agouties","status":"publish","type":"page","link":"http:\/\/noshamsters.be\/hamsteropedia\/?page_id=1238","title":{"rendered":"[Russe] Couleurs"},"content":{"rendered":"\n<h2>Couleurs agouti<\/h2>\n\n\n\n<p>La couleur agouti du hamster russe consiste en un poil divis\u00e9 en bandes de couleur (avec sous-couleur, couleur de couverture et ticking), le ventre plus clair et la couleur du ventre qui remonte sur les flancs en formant trois arcs de cercle. Une ligne dorsale plus fonc\u00e9e courre depuis la t\u00eate jusqu&rsquo;\u00e0 la queue, en s&rsquo;\u00e9paississant sur les \u00e9paules.<\/p>\n\n\n\n<p><span style=\"color: #ff0000;\"><strong>\/!\\ Seules les mutations suivantes sont consid\u00e9r\u00e9es comme pures : Agouti, saphir (et le mandarine est sujet \u00e0 controverse).<\/strong><\/span><\/p>\n\n\n\n<p>Toutes les autres mutations ont \u00e9t\u00e9 obtenues \u00e0 l&rsquo;aide de croisements avec du Campbell, puis retravaill\u00e9es au maximum pour remettre les g\u00e8nes du russe en avant. Ces vari\u00e9t\u00e9s, qui sont consid\u00e9r\u00e9es comme hybrides dans beaucoup de pays, ont donc les caract\u00e9ristiques du hamster russe, depuis le physique jusqu&rsquo;\u00e0 la capacit\u00e9 de muer, mais il est important de savoir que ces lign\u00e9es ne sont jamais 100% pures.<a href=\"http:\/\/noshamsters.be\/hamsteropedia\/?p=275\"> Lire l&rsquo;article sur l&rsquo;hybridation.<\/a><\/p>\n\n\n\n<div class=\"wp-block-media-text alignwide is-stacked-on-mobile has-background\" style=\"background:linear-gradient(90deg,rgba(203,248,129,0.32) 0%,rgba(114,207,127,0.11) 100%)\"><figure class=\"wp-block-media-text__media\"><img loading=\"lazy\" width=\"1024\" height=\"683\" src=\"http:\/\/noshamsters.be\/hamsteropedia\/wp-content\/uploads\/2020\/03\/DSC4710-copy-1024x683.jpg\" alt=\"\" class=\"wp-image-3075\" srcset=\"http:\/\/noshamsters.be\/hamsteropedia\/wp-content\/uploads\/2020\/03\/DSC4710-copy-1024x683.jpg 1024w, http:\/\/noshamsters.be\/hamsteropedia\/wp-content\/uploads\/2020\/03\/DSC4710-copy-300x200.jpg 300w, http:\/\/noshamsters.be\/hamsteropedia\/wp-content\/uploads\/2020\/03\/DSC4710-copy-768x512.jpg 768w, http:\/\/noshamsters.be\/hamsteropedia\/wp-content\/uploads\/2020\/03\/DSC4710-copy-1536x1024.jpg 1536w, http:\/\/noshamsters.be\/hamsteropedia\/wp-content\/uploads\/2020\/03\/DSC4710-copy-150x100.jpg 150w, http:\/\/noshamsters.be\/hamsteropedia\/wp-content\/uploads\/2020\/03\/DSC4710-copy.jpg 1920w\" sizes=\"(max-width: 1024px) 100vw, 1024px\" \/><\/figure><div class=\"wp-block-media-text__content\">\n<p><strong><a href=\"http:\/\/noshamsters.be\/hamsteropedia\/?p=825\">Agouti (sauvage, ordinaire)<\/a>&nbsp;A\/-<\/strong><\/p>\n\n\n\n<p><a href=\"http:\/\/noshamsters.be\/hamsteropedia\/?p=825\">Lire la suite&#8230;<\/a><\/p>\n<\/div><\/div>\n\n\n\n<div class=\"wp-block-media-text alignwide is-stacked-on-mobile has-background\" style=\"background:linear-gradient(90deg,rgba(203,248,129,0.32) 0%,rgba(114,207,127,0.11) 100%)\"><figure class=\"wp-block-media-text__media\"><img loading=\"lazy\" width=\"800\" height=\"533\" src=\"http:\/\/noshamsters.be\/hamsteropedia\/wp-content\/uploads\/2012\/02\/russesap.jpg\" alt=\"\" class=\"wp-image-2218\" srcset=\"http:\/\/noshamsters.be\/hamsteropedia\/wp-content\/uploads\/2012\/02\/russesap.jpg 800w, http:\/\/noshamsters.be\/hamsteropedia\/wp-content\/uploads\/2012\/02\/russesap-300x200.jpg 300w, http:\/\/noshamsters.be\/hamsteropedia\/wp-content\/uploads\/2012\/02\/russesap-768x512.jpg 768w, http:\/\/noshamsters.be\/hamsteropedia\/wp-content\/uploads\/2012\/02\/russesap-750x500.jpg 750w, http:\/\/noshamsters.be\/hamsteropedia\/wp-content\/uploads\/2012\/02\/russesap-400x267.jpg 400w, http:\/\/noshamsters.be\/hamsteropedia\/wp-content\/uploads\/2012\/02\/russesap-430x286.jpg 430w, http:\/\/noshamsters.be\/hamsteropedia\/wp-content\/uploads\/2012\/02\/russesap-150x100.jpg 150w, http:\/\/noshamsters.be\/hamsteropedia\/wp-content\/uploads\/2012\/02\/russesap-100x67.jpg 100w\" sizes=\"(max-width: 800px) 100vw, 800px\" \/><\/figure><div class=\"wp-block-media-text__content\">\n<p><strong><a href=\"http:\/\/noshamsters.be\/hamsteropedia\/?p=838\">Saphir (bleu agouti, opal)<\/a>&nbsp;A\/- d\/d<\/strong><\/p>\n\n\n\n<p><a href=\"http:\/\/noshamsters.be\/hamsteropedia\/?p=838\">Lire la suite&#8230;<\/a><\/p>\n<\/div><\/div>\n\n\n\n<div class=\"wp-block-media-text alignwide has-media-on-the-right is-stacked-on-mobile has-background\" style=\"background:linear-gradient(135deg,rgba(250,183,0,0) 0%,rgba(255,106,0,0.41) 100%)\"><figure class=\"wp-block-media-text__media\"><img loading=\"lazy\" width=\"1000\" height=\"776\" src=\"http:\/\/noshamsters.be\/hamsteropedia\/wp-content\/uploads\/2012\/02\/DSCN8507.jpg\" alt=\"\" class=\"wp-image-852\" srcset=\"http:\/\/noshamsters.be\/hamsteropedia\/wp-content\/uploads\/2012\/02\/DSCN8507.jpg 1000w, http:\/\/noshamsters.be\/hamsteropedia\/wp-content\/uploads\/2012\/02\/DSCN8507-300x232.jpg 300w\" sizes=\"(max-width: 1000px) 100vw, 1000px\" \/><\/figure><div class=\"wp-block-media-text__content\">\n<p><strong><a href=\"http:\/\/noshamsters.be\/hamsteropedia\/?p=848\">Mandarine&nbsp;<\/a>A\/- Ma\/ma<\/strong><\/p>\n\n\n\n<p><a href=\"http:\/\/noshamsters.be\/hamsteropedia\/?p=848\">Lire la suite&#8230;<\/a><\/p>\n<\/div><\/div>\n\n\n\n<div class=\"wp-block-media-text alignwide has-media-on-the-right is-stacked-on-mobile\"><figure class=\"wp-block-media-text__media\"><img loading=\"lazy\" width=\"600\" height=\"450\" src=\"http:\/\/noshamsters.be\/hamsteropedia\/wp-content\/uploads\/2012\/02\/camel.jpg\" alt=\"\" class=\"wp-image-861\" srcset=\"http:\/\/noshamsters.be\/hamsteropedia\/wp-content\/uploads\/2012\/02\/camel.jpg 600w, http:\/\/noshamsters.be\/hamsteropedia\/wp-content\/uploads\/2012\/02\/camel-300x225.jpg 300w\" sizes=\"(max-width: 600px) 100vw, 600px\" \/><\/figure><div class=\"wp-block-media-text__content\">\n<p><strong><a href=\"http:\/\/noshamsters.be\/hamsteropedia\/?p=858\">Camel (mandarine bleu)<\/a> A\/- d\/d Ma\/ma<\/strong><\/p>\n\n\n\n<p><a href=\"http:\/\/noshamsters.be\/hamsteropedia\/?p=858\">Lire la suite&#8230;<\/a><\/p>\n<\/div><\/div>\n\n\n\n<div class=\"wp-block-media-text alignwide has-media-on-the-right is-stacked-on-mobile\"><figure class=\"wp-block-media-text__media\"><img loading=\"lazy\" width=\"800\" height=\"617\" src=\"http:\/\/noshamsters.be\/hamsteropedia\/wp-content\/uploads\/2012\/02\/fauve_fauve_DSCN4159.jpg\" alt=\"\" class=\"wp-image-876\" srcset=\"http:\/\/noshamsters.be\/hamsteropedia\/wp-content\/uploads\/2012\/02\/fauve_fauve_DSCN4159.jpg 800w, http:\/\/noshamsters.be\/hamsteropedia\/wp-content\/uploads\/2012\/02\/fauve_fauve_DSCN4159-300x231.jpg 300w\" sizes=\"(max-width: 800px) 100vw, 800px\" \/><\/figure><div class=\"wp-block-media-text__content\">\n<p><strong><a href=\"http:\/\/noshamsters.be\/hamsteropedia\/?p=874\">Fauve yeux rouges<\/a>&nbsp;A\/- p\/p<\/strong><\/p>\n\n\n\n<p><a href=\"http:\/\/noshamsters.be\/hamsteropedia\/?p=874\">Lire la suite&#8230;<\/a><\/p>\n<\/div><\/div>\n\n\n\n<div class=\"wp-block-media-text alignwide has-media-on-the-right is-stacked-on-mobile\"><figure class=\"wp-block-media-text__media\"><img loading=\"lazy\" width=\"1000\" height=\"853\" src=\"http:\/\/noshamsters.be\/hamsteropedia\/wp-content\/uploads\/2012\/02\/P1010219-copy.jpg\" alt=\"\" class=\"wp-image-887\" srcset=\"http:\/\/noshamsters.be\/hamsteropedia\/wp-content\/uploads\/2012\/02\/P1010219-copy.jpg 1000w, http:\/\/noshamsters.be\/hamsteropedia\/wp-content\/uploads\/2012\/02\/P1010219-copy-300x255.jpg 300w\" sizes=\"(max-width: 1000px) 100vw, 1000px\" \/><\/figure><div class=\"wp-block-media-text__content\">\n<p><strong><a href=\"http:\/\/noshamsters.be\/hamsteropedia\/?p=886\">Brun<\/a>&nbsp;A\/- m\/m<\/strong><\/p>\n\n\n\n<p><a href=\"http:\/\/noshamsters.be\/hamsteropedia\/?p=886\">Lire la suite&#8230;<\/a><\/p>\n<\/div><\/div>\n\n\n\n<div class=\"wp-block-media-text alignwide has-media-on-the-right is-stacked-on-mobile\"><figure class=\"wp-block-media-text__media\"><img loading=\"lazy\" width=\"1024\" height=\"919\" src=\"http:\/\/noshamsters.be\/hamsteropedia\/wp-content\/uploads\/2012\/02\/P1010010-1024x919.jpg\" alt=\"\" class=\"wp-image-865\" srcset=\"http:\/\/noshamsters.be\/hamsteropedia\/wp-content\/uploads\/2012\/02\/P1010010-1024x919.jpg 1024w, http:\/\/noshamsters.be\/hamsteropedia\/wp-content\/uploads\/2012\/02\/P1010010-300x269.jpg 300w, http:\/\/noshamsters.be\/hamsteropedia\/wp-content\/uploads\/2012\/02\/P1010010.jpg 1346w\" sizes=\"(max-width: 1024px) 100vw, 1024px\" \/><\/figure><div class=\"wp-block-media-text__content\">\n<p><strong><a href=\"http:\/\/noshamsters.be\/hamsteropedia\/?p=864\">Mandarine aux yeux rouges<\/a>&nbsp;Ma\/ma p\/p<\/strong><\/p>\n\n\n\n<p><a href=\"http:\/\/noshamsters.be\/hamsteropedia\/?p=864\">Lire la suite&#8230;<\/a><\/p>\n<\/div><\/div>\n\n\n\n<div class=\"wp-block-media-text alignwide has-media-on-the-right is-stacked-on-mobile\"><figure class=\"wp-block-media-text__media\"><img loading=\"lazy\" width=\"600\" height=\"450\" src=\"http:\/\/noshamsters.be\/hamsteropedia\/wp-content\/uploads\/2012\/02\/mandarijnbeige.jpg\" alt=\"\" class=\"wp-image-871\" srcset=\"http:\/\/noshamsters.be\/hamsteropedia\/wp-content\/uploads\/2012\/02\/mandarijnbeige.jpg 600w, http:\/\/noshamsters.be\/hamsteropedia\/wp-content\/uploads\/2012\/02\/mandarijnbeige-300x225.jpg 300w\" sizes=\"(max-width: 600px) 100vw, 600px\" \/><\/figure><div class=\"wp-block-media-text__content\">\n<p><strong><a href=\"http:\/\/noshamsters.be\/hamsteropedia\/?p=870\">Mandarine beige&nbsp;<\/a>&nbsp; A\/- (d\/d) Ma\/ma m\/m (p\/p)<\/strong><\/p>\n\n\n\n<p><a href=\"http:\/\/noshamsters.be\/hamsteropedia\/?p=870\">Lire la suite&#8230;<\/a><\/p>\n<\/div><\/div>\n\n\n\n<div class=\"wp-block-media-text alignwide has-media-on-the-right is-stacked-on-mobile\"><figure class=\"wp-block-media-text__media\"><img loading=\"lazy\" width=\"800\" height=\"600\" src=\"http:\/\/noshamsters.be\/hamsteropedia\/wp-content\/uploads\/2012\/02\/DSCN0927.jpg\" alt=\"\" class=\"wp-image-899\" srcset=\"http:\/\/noshamsters.be\/hamsteropedia\/wp-content\/uploads\/2012\/02\/DSCN0927.jpg 800w, http:\/\/noshamsters.be\/hamsteropedia\/wp-content\/uploads\/2012\/02\/DSCN0927-300x225.jpg 300w\" sizes=\"(max-width: 800px) 100vw, 800px\" \/><\/figure><div class=\"wp-block-media-text__content\">\n<p><strong><a href=\"http:\/\/noshamsters.be\/hamsteropedia\/?p=894\">Beige<\/a> A\/- d\/d m\/m<\/strong><\/p>\n\n\n\n<p><a href=\"http:\/\/noshamsters.be\/hamsteropedia\/?p=894\">Lire la suite&#8230;<\/a><\/p>\n<\/div><\/div>\n\n\n\n<div class=\"wp-block-media-text alignwide has-media-on-the-right is-stacked-on-mobile\"><figure class=\"wp-block-media-text__media\"><img loading=\"lazy\" width=\"600\" height=\"450\" src=\"http:\/\/noshamsters.be\/hamsteropedia\/wp-content\/uploads\/2012\/02\/20051014-beigeblond.jpg\" alt=\"\" class=\"wp-image-904\" srcset=\"http:\/\/noshamsters.be\/hamsteropedia\/wp-content\/uploads\/2012\/02\/20051014-beigeblond.jpg 600w, http:\/\/noshamsters.be\/hamsteropedia\/wp-content\/uploads\/2012\/02\/20051014-beigeblond-300x225.jpg 300w\" sizes=\"(max-width: 600px) 100vw, 600px\" \/><\/figure><div class=\"wp-block-media-text__content\">\n<p><strong><a href=\"http:\/\/noshamsters.be\/hamsteropedia\/?p=903\">Blond Beige<\/a> A\/- d\/d m\/m p\/p<\/strong><\/p>\n\n\n\n<p><a href=\"http:\/\/noshamsters.be\/hamsteropedia\/?p=903\">Lire la suite&#8230;<\/a><\/p>\n<\/div><\/div>\n\n\n\n<div class=\"wp-block-media-text alignwide has-media-on-the-right is-stacked-on-mobile\"><figure class=\"wp-block-media-text__media\"><img loading=\"lazy\" width=\"1024\" height=\"964\" src=\"http:\/\/noshamsters.be\/hamsteropedia\/wp-content\/uploads\/2012\/02\/DSCN3613-1024x964.jpg\" alt=\"\" class=\"wp-image-884\" srcset=\"http:\/\/noshamsters.be\/hamsteropedia\/wp-content\/uploads\/2012\/02\/DSCN3613-1024x964.jpg 1024w, http:\/\/noshamsters.be\/hamsteropedia\/wp-content\/uploads\/2012\/02\/DSCN3613-300x282.jpg 300w, http:\/\/noshamsters.be\/hamsteropedia\/wp-content\/uploads\/2012\/02\/DSCN3613.jpg 1126w\" sizes=\"(max-width: 1024px) 100vw, 1024px\" \/><\/figure><div class=\"wp-block-media-text__content\">\n<p><strong><a href=\"http:\/\/noshamsters.be\/hamsteropedia\/?p=882\">Blue fawn<\/a> A\/- d\/d p\/p<\/strong><\/p>\n\n\n\n<p><a href=\"http:\/\/noshamsters.be\/hamsteropedia\/?p=882\">Lire la suite&#8230;<\/a><\/p>\n<\/div><\/div>\n\n\n\n<h2>Couleurs unies<\/h2>\n\n\n\n<p>Les couleurs unies, au contraire des agouti, ont le poil d\u2019une seule couleur. Le ventre est l\u00e9g\u00e8rement plus mat, mais de couleur identique au dos. Il n&rsquo;a pas les arcs de cercle ou la bande dorsale (il arrive qu&rsquo;elle se voit n\u00e9anmoins l\u00e9g\u00e8rement).<\/p>\n\n\n\n<p><span style=\"color: #ff0000;\"><strong>Toutes les couleurs unies sont des hybrides!<\/strong><\/span><\/p>\n\n\n\n<div class=\"wp-block-media-text alignwide has-media-on-the-right is-stacked-on-mobile\"><figure class=\"wp-block-media-text__media\"><img loading=\"lazy\" width=\"1024\" height=\"768\" src=\"http:\/\/noshamsters.be\/hamsteropedia\/wp-content\/uploads\/2012\/08\/DSC06442-copy-1024x768.jpg\" alt=\"\" class=\"wp-image-1244\" srcset=\"http:\/\/noshamsters.be\/hamsteropedia\/wp-content\/uploads\/2012\/08\/DSC06442-copy-1024x768.jpg 1024w, http:\/\/noshamsters.be\/hamsteropedia\/wp-content\/uploads\/2012\/08\/DSC06442-copy-300x225.jpg 300w, http:\/\/noshamsters.be\/hamsteropedia\/wp-content\/uploads\/2012\/08\/DSC06442-copy.jpg 1500w\" sizes=\"(max-width: 1024px) 100vw, 1024px\" \/><\/figure><div class=\"wp-block-media-text__content\">\n<p><strong><a href=\"http:\/\/noshamsters.be\/hamsteropedia\/?p=911\">Noir&nbsp;<\/a>a\/a<\/strong><\/p>\n\n\n\n<p><a href=\"http:\/\/noshamsters.be\/hamsteropedia\/?p=911\">Lire la suite&#8230;<\/a><\/p>\n<\/div><\/div>\n\n\n\n<div class=\"wp-block-media-text alignwide has-media-on-the-right is-stacked-on-mobile\"><figure class=\"wp-block-media-text__media\"><img loading=\"lazy\" width=\"500\" height=\"375\" src=\"http:\/\/noshamsters.be\/hamsteropedia\/wp-content\/uploads\/2012\/02\/choco.jpg\" alt=\"\" class=\"wp-image-929\" srcset=\"http:\/\/noshamsters.be\/hamsteropedia\/wp-content\/uploads\/2012\/02\/choco.jpg 500w, http:\/\/noshamsters.be\/hamsteropedia\/wp-content\/uploads\/2012\/02\/choco-300x225.jpg 300w\" sizes=\"(max-width: 500px) 100vw, 500px\" \/><\/figure><div class=\"wp-block-media-text__content\">\n<p><a href=\"http:\/\/noshamsters.be\/hamsteropedia\/?p=928\"><strong>Chocolat<\/strong>&nbsp;<\/a>a\/a m\/m<\/p>\n\n\n\n<p><a href=\"http:\/\/noshamsters.be\/hamsteropedia\/?p=928\">Lire la suite&#8230;<\/a><\/p>\n<\/div><\/div>\n\n\n\n<div class=\"wp-block-media-text alignwide has-media-on-the-right is-stacked-on-mobile\"><figure class=\"wp-block-media-text__media\"><img loading=\"lazy\" width=\"600\" height=\"450\" src=\"http:\/\/noshamsters.be\/hamsteropedia\/wp-content\/uploads\/2012\/02\/dove.jpg\" alt=\"\" class=\"wp-image-947\" srcset=\"http:\/\/noshamsters.be\/hamsteropedia\/wp-content\/uploads\/2012\/02\/dove.jpg 600w, http:\/\/noshamsters.be\/hamsteropedia\/wp-content\/uploads\/2012\/02\/dove-300x225.jpg 300w\" sizes=\"(max-width: 600px) 100vw, 600px\" \/><\/figure><div class=\"wp-block-media-text__content\">\n<p><strong><a href=\"http:\/\/noshamsters.be\/hamsteropedia\/?p=946\">Dove&nbsp;<\/a>a\/a p\/p<\/strong><\/p>\n\n\n\n<p><a href=\"http:\/\/noshamsters.be\/hamsteropedia\/?p=946\">Lire la suite&#8230;<\/a><\/p>\n<\/div><\/div>\n\n\n\n<div class=\"wp-block-media-text alignwide has-media-on-the-right is-stacked-on-mobile\"><figure class=\"wp-block-media-text__media\"><img loading=\"lazy\" width=\"500\" height=\"375\" src=\"http:\/\/noshamsters.be\/hamsteropedia\/wp-content\/uploads\/2012\/02\/bleu3.jpg\" alt=\"\" class=\"wp-image-924\" srcset=\"http:\/\/noshamsters.be\/hamsteropedia\/wp-content\/uploads\/2012\/02\/bleu3.jpg 500w, http:\/\/noshamsters.be\/hamsteropedia\/wp-content\/uploads\/2012\/02\/bleu3-300x225.jpg 300w\" sizes=\"(max-width: 500px) 100vw, 500px\" \/><\/figure><div class=\"wp-block-media-text__content\">\n<p><a href=\"http:\/\/noshamsters.be\/hamsteropedia\/?p=920\"><strong>Bleu russe<\/strong><\/a>&nbsp;a\/a d\/d<\/p>\n\n\n\n<p><a href=\"http:\/\/noshamsters.be\/hamsteropedia\/?p=920\">Lire la suite&#8230;<\/a><\/p>\n<\/div><\/div>\n\n\n\n<div class=\"wp-block-media-text alignwide has-media-on-the-right is-stacked-on-mobile\"><figure class=\"wp-block-media-text__media\"><img loading=\"lazy\" width=\"500\" height=\"375\" src=\"http:\/\/noshamsters.be\/hamsteropedia\/wp-content\/uploads\/2012\/02\/lilas.jpg\" alt=\"\" class=\"wp-image-935\" srcset=\"http:\/\/noshamsters.be\/hamsteropedia\/wp-content\/uploads\/2012\/02\/lilas.jpg 500w, http:\/\/noshamsters.be\/hamsteropedia\/wp-content\/uploads\/2012\/02\/lilas-300x225.jpg 300w\" sizes=\"(max-width: 500px) 100vw, 500px\" \/><\/figure><div class=\"wp-block-media-text__content\">\n<p><strong><a href=\"http:\/\/noshamsters.be\/hamsteropedia\/?p=934\">Lilas&nbsp;<\/a>a\/a d\/d m\/m<\/strong><\/p>\n\n\n\n<p><a href=\"http:\/\/noshamsters.be\/hamsteropedia\/?p=934\">Lire la suite&#8230;<\/a><\/p>\n<\/div><\/div>\n\n\n\n<div class=\"wp-block-media-text alignwide has-media-on-the-right is-stacked-on-mobile\"><figure class=\"wp-block-media-text__media\"><img loading=\"lazy\" width=\"500\" height=\"375\" src=\"http:\/\/noshamsters.be\/hamsteropedia\/wp-content\/uploads\/2012\/02\/relilac.jpg\" alt=\"\" class=\"wp-image-941\" srcset=\"http:\/\/noshamsters.be\/hamsteropedia\/wp-content\/uploads\/2012\/02\/relilac.jpg 500w, http:\/\/noshamsters.be\/hamsteropedia\/wp-content\/uploads\/2012\/02\/relilac-300x225.jpg 300w\" sizes=\"(max-width: 500px) 100vw, 500px\" \/><\/figure><div class=\"wp-block-media-text__content\">\n<p><a href=\"http:\/\/noshamsters.be\/hamsteropedia\/?p=940\"><strong>Lilas aux yeux rouges<\/strong><\/a>&nbsp;a\/a d\/d p\/p<\/p>\n\n\n\n<p><a href=\"http:\/\/noshamsters.be\/hamsteropedia\/?p=940\">Lire la suite&#8230;<\/a><\/p>\n<\/div><\/div>\n\n\n\n<div class=\"wp-block-media-text alignwide has-media-on-the-right is-stacked-on-mobile\"><figure class=\"wp-block-media-text__media\"><img loading=\"lazy\" width=\"600\" height=\"450\" src=\"http:\/\/noshamsters.be\/hamsteropedia\/wp-content\/uploads\/2012\/02\/champagne2.jpg\" alt=\"\" class=\"wp-image-951\" srcset=\"http:\/\/noshamsters.be\/hamsteropedia\/wp-content\/uploads\/2012\/02\/champagne2.jpg 600w, http:\/\/noshamsters.be\/hamsteropedia\/wp-content\/uploads\/2012\/02\/champagne2-300x225.jpg 300w\" sizes=\"(max-width: 600px) 100vw, 600px\" \/><\/figure><div class=\"wp-block-media-text__content\">\n<p><a href=\"http:\/\/noshamsters.be\/hamsteropedia\/?p=950\"><strong>Champagne<\/strong>&nbsp;<\/a>a\/a d\/d p\/p m\/m<\/p>\n\n\n\n<p><a href=\"http:\/\/noshamsters.be\/hamsteropedia\/?p=950\">Lire la suite&#8230;<\/a><\/p>\n<\/div><\/div>\n\n\n\n<div class=\"wp-block-media-text alignwide has-media-on-the-right is-stacked-on-mobile\"><figure class=\"wp-block-media-text__media\"><img loading=\"lazy\" width=\"600\" height=\"450\" src=\"http:\/\/noshamsters.be\/hamsteropedia\/wp-content\/uploads\/2012\/02\/beigepearl.jpg\" alt=\"\" class=\"wp-image-908\" srcset=\"http:\/\/noshamsters.be\/hamsteropedia\/wp-content\/uploads\/2012\/02\/beigepearl.jpg 600w, http:\/\/noshamsters.be\/hamsteropedia\/wp-content\/uploads\/2012\/02\/beigepearl-300x225.jpg 300w\" sizes=\"(max-width: 600px) 100vw, 600px\" \/><\/figure><div class=\"wp-block-media-text__content\">\n<p><a href=\"http:\/\/noshamsters.be\/hamsteropedia\/?p=907\"><strong>Blanc aux yeux noirs<\/strong><\/a>&nbsp;(-)<\/p>\n\n\n\n<p><a href=\"http:\/\/noshamsters.be\/hamsteropedia\/?p=907\">Lire la suite&#8230;<\/a><\/p>\n<\/div><\/div>\n\n\n\n<p><span style=\"border-radius: 2px; text-indent: 20px; width: auto; padding: 0px 4px 0px 0px; text-align: center; font: bold 11px\/20px 'Helvetica Neue',Helvetica,sans-serif; color: #ffffff; background: #bd081c no-repeat scroll 3px 50% \/ 14px 14px; position: absolute; opacity: 1; z-index: 8675309; display: none; cursor: pointer; top: 823px; left: 641px;\">Enregistrer<\/span><\/p>\n\n\n\n<p><span style=\"border-radius: 2px; text-indent: 20px; width: auto; padding: 0px 4px 0px 0px; text-align: center; font: bold 11px\/20px 'Helvetica Neue',Helvetica,sans-serif; color: #ffffff; background: #bd081c no-repeat scroll 3px 50% \/ 14px 14px; position: absolute; opacity: 1; z-index: 8675309; display: none; cursor: pointer; top: 557px; left: 641px;\">Enregistrer<\/span><\/p>\n\n\n\n<p><span style=\"border-radius: 2px; text-indent: 20px; width: auto; padding: 0px 4px 0px 0px; text-align: center; font: bold 11px\/20px 'Helvetica Neue',Helvetica,sans-serif; color: #ffffff; background: #bd081c no-repeat scroll 3px 50% \/ 14px 14px; position: absolute; opacity: 1; z-index: 8675309; display: none; cursor: pointer;\">Enregistrer<\/span><\/p>\n","protected":false},"excerpt":{"rendered":"<p>Couleurs agouti La couleur agouti du hamster russe consiste en un poil divis\u00e9 en bandes de couleur (avec sous-couleur, couleur de couverture et ticking), le ventre plus clair et la couleur du ventre qui remonte sur les flancs en formant trois arcs de cercle. Une ligne dorsale plus fonc\u00e9e courre\u2026<\/p>\n<p> <a class=\"continue-reading-link\" href=\"http:\/\/noshamsters.be\/hamsteropedia\/?page_id=1238\"><span>Lire la suite<\/span><i class=\"crycon-right-dir\"><\/i><\/a> <\/p>\n","protected":false},"author":1,"featured_media":0,"parent":615,"menu_order":0,"comment_status":"closed","ping_status":"open","template":"","meta":{"ngg_post_thumbnail":0},"_links":{"self":[{"href":"http:\/\/noshamsters.be\/hamsteropedia\/index.php?rest_route=\/wp\/v2\/pages\/1238"}],"collection":[{"href":"http:\/\/noshamsters.be\/hamsteropedia\/index.php?rest_route=\/wp\/v2\/pages"}],"about":[{"href":"http:\/\/noshamsters.be\/hamsteropedia\/index.php?rest_route=\/wp\/v2\/types\/page"}],"author":[{"embeddable":true,"href":"http:\/\/noshamsters.be\/hamsteropedia\/index.php?rest_route=\/wp\/v2\/users\/1"}],"replies":[{"embeddable":true,"href":"http:\/\/noshamsters.be\/hamsteropedia\/index.php?rest_route=%2Fwp%2Fv2%2Fcomments&post=1238"}],"version-history":[{"count":26,"href":"http:\/\/noshamsters.be\/hamsteropedia\/index.php?rest_route=\/wp\/v2\/pages\/1238\/revisions"}],"predecessor-version":[{"id":4547,"href":"http:\/\/noshamsters.be\/hamsteropedia\/index.php?rest_route=\/wp\/v2\/pages\/1238\/revisions\/4547"}],"up":[{"embeddable":true,"href":"http:\/\/noshamsters.be\/hamsteropedia\/index.php?rest_route=\/wp\/v2\/pages\/615"}],"wp:attachment":[{"href":"http:\/\/noshamsters.be\/hamsteropedia\/index.php?rest_route=%2Fwp%2Fv2%2Fmedia&parent=1238"}],"curies":[{"name":"wp","href":"https:\/\/api.w.org\/{rel}","templated":true}]}}