{"id":1941,"date":"2016-05-05T22:19:23","date_gmt":"2016-05-05T20:19:23","guid":{"rendered":"http:\/\/noshamsters.be\/hamsteropedia\/?page_id=1941"},"modified":"2016-05-05T22:21:28","modified_gmt":"2016-05-05T20:21:28","slug":"contact","status":"publish","type":"page","link":"http:\/\/noshamsters.be\/hamsteropedia\/?page_id=1941","title":{"rendered":"Contact"},"content":{"rendered":"<h1>Question &#8211; demande d&rsquo;information &#8211; demande de permission de publication :<\/h1>\n<p><a href=\"mailto:yggdrasils@gmail.com\">cliquez ici<\/a> pour m&rsquo;envoyer un e-mail.<\/p>\n<h1>Questions sur mon \u00e9levage?<\/h1>\n<p>La r\u00e9ponse se trouve surement sur <a href=\"http:\/\/www.noshamsters.be\/stardust\">mon site d&rsquo;\u00e9levage<\/a>!<\/p>\n<h1>Note<\/h1>\n<p>COPYRIGHT \u00a9 Aur\u00e9lie Dengis &#8211; 2008-2016 &#8211; TOUS DROITS R\u00c9SERV\u00c9S<\/p>\n<p>LES TEXTES ET PHOTOS PR\u00c9SENTS SUR CE SITE NE PEUVENT EN AUCUN CAS \u00caTRE RECOPIES SANS L&rsquo;AUTORISATION EXPRESSE DE L&rsquo;AUTEURE.<\/p>\n<p>Merci de respecter le travail de chacun et envoyez un email si vous avez besoin de publier une information ou une photo provenant de ce site.<\/p>\n","protected":false},"excerpt":{"rendered":"<p>Question &#8211; demande d&rsquo;information &#8211; demande de permission de publication : cliquez ici pour m&rsquo;envoyer un e-mail. Questions sur mon \u00e9levage? La r\u00e9ponse se trouve surement sur mon site d&rsquo;\u00e9levage! Note COPYRIGHT \u00a9 Aur\u00e9lie Dengis &#8211; 2008-2016 &#8211; TOUS DROITS R\u00c9SERV\u00c9S LES TEXTES ET PHOTOS PR\u00c9SENTS SUR CE SITE NE\u2026<\/p>\n<p> <a class=\"continue-reading-link\" href=\"http:\/\/noshamsters.be\/hamsteropedia\/?page_id=1941\"><span>Lire la suite<\/span><i class=\"crycon-right-dir\"><\/i><\/a> <\/p>\n","protected":false},"author":1,"featured_media":0,"parent":0,"menu_order":0,"comment_status":"closed","ping_status":"closed","template":"","meta":{"ngg_post_thumbnail":0},"_links":{"self":[{"href":"http:\/\/noshamsters.be\/hamsteropedia\/index.php?rest_route=\/wp\/v2\/pages\/1941"}],"collection":[{"href":"http:\/\/noshamsters.be\/hamsteropedia\/index.php?rest_route=\/wp\/v2\/pages"}],"about":[{"href":"http:\/\/noshamsters.be\/hamsteropedia\/index.php?rest_route=\/wp\/v2\/types\/page"}],"author":[{"embeddable":true,"href":"http:\/\/noshamsters.be\/hamsteropedia\/index.php?rest_route=\/wp\/v2\/users\/1"}],"replies":[{"embeddable":true,"href":"http:\/\/noshamsters.be\/hamsteropedia\/index.php?rest_route=%2Fwp%2Fv2%2Fcomments&post=1941"}],"version-history":[{"count":3,"href":"http:\/\/noshamsters.be\/hamsteropedia\/index.php?rest_route=\/wp\/v2\/pages\/1941\/revisions"}],"predecessor-version":[{"id":1945,"href":"http:\/\/noshamsters.be\/hamsteropedia\/index.php?rest_route=\/wp\/v2\/pages\/1941\/revisions\/1945"}],"wp:attachment":[{"href":"http:\/\/noshamsters.be\/hamsteropedia\/index.php?rest_route=%2Fwp%2Fv2%2Fmedia&parent=1941"}],"curies":[{"name":"wp","href":"https:\/\/api.w.org\/{rel}","templated":true}]}}