{"id":590,"date":"2012-01-15T15:54:51","date_gmt":"2012-01-15T14:54:51","guid":{"rendered":"http:\/\/noshamsters.be\/hamsteropedia\/?page_id=590"},"modified":"2017-08-12T21:08:48","modified_gmt":"2017-08-12T19:08:48","slug":"especes-et-varietes","status":"publish","type":"page","link":"http:\/\/noshamsters.be\/hamsteropedia\/?page_id=590","title":{"rendered":"Esp\u00e8ces et vari\u00e9t\u00e9s"},"content":{"rendered":"<p>Il existe beaucoup d&rsquo;esp\u00e8ces de hamsters. Ce ne sont pas des races, m\u00eame si beaucoup utilisent ce terme, ce sont des esp\u00e8ces diff\u00e9rentes (comme les chiens, les loups, les renards, &#8230; ce sont tous des canid\u00e9s mais pas les m\u00eames esp\u00e8ces).<\/p>\n<p>Il y a 5 esp\u00e8ces qui ont \u00e9t\u00e9 domestiqu\u00e9es, et on retrouve \u00e9galement des hybrides (lign\u00e9es mixe entre du russe et du Campbell, voir <a href=\"http:\/\/noshamsters.be\/hamsteropedia\/?p=275\">l&rsquo;article sur l&rsquo;hybridation<\/a>), surtout en animalerie et chez les grossistes. Voici le menu esp\u00e8ces, cliquez sur les liens pour naviguer.<\/p>\n<div class=\"textwidget\">\n<h3>Le hamster syrien<\/h3>\n<p><img src=\"http:\/\/noshamsters.be\/hamsteropedia\/wp-content\/uploads\/2014\/04\/minisyrtrans.jpg\" align=\"left\"><a href=\"http:\/\/noshamsters.be\/hamsteropedia\/?page_id=609\">Pr\u00e9sentation<\/a><br \/>\n<a href=\"http:\/\/noshamsters.be\/hamsteropedia\/?page_id=1179\">Couleurs<\/a><br \/>\n<a href=\"http:\/\/noshamsters.be\/hamsteropedia\/?page_id=1225\">Marquages<\/a><br \/>\n<a href=\"http:\/\/noshamsters.be\/hamsteropedia\/?page_id=1231\">Types de Poils<\/a><\/p>\n<h3>Le hamster russe<\/h3>\n<p><img src=\"http:\/\/noshamsters.be\/hamsteropedia\/wp-content\/uploads\/2014\/04\/minirustranspa.jpg\" align=\"left\"><a href=\"http:\/\/noshamsters.be\/hamsteropedia\/?page_id=615\">Pr\u00e9sentation<\/a><br \/>\n<a href=\"http:\/\/noshamsters.be\/hamsteropedia\/?page_id=1238\">Couleurs <\/a><br \/>\n<a href=\"http:\/\/noshamsters.be\/hamsteropedia\/?page_id=1247\">Marquages<\/a><br \/>\n<a href=\"http:\/\/noshamsters.be\/hamsteropedia\/?page_id=1256\">Types de poils<\/a><\/p>\n<h3>Le hamster de Campbell<\/h3>\n<p><img src=\"http:\/\/noshamsters.be\/hamsteropedia\/wp-content\/uploads\/2014\/04\/minicamptranspa.jpg\" align=\"left\"><a href=\"http:\/\/noshamsters.be\/hamsteropedia\/?page_id=618\">Pr\u00e9sentation<\/a><br \/>\n<a href=\"http:\/\/noshamsters.be\/hamsteropedia\/?page_id=1272\">Couleurs<\/a><br \/>\n<a href=\"http:\/\/noshamsters.be\/hamsteropedia\/?page_id=1296\">Marquages<\/a><br \/>\n<a href=\"http:\/\/noshamsters.be\/hamsteropedia\/?page_id=1300\">Types de poils<\/a><\/p>\n<h3>Le hamster de Roborovski<\/h3>\n<p><img src=\"http:\/\/noshamsters.be\/hamsteropedia\/wp-content\/uploads\/2014\/04\/minirobotranspa.jpg\" align=\"left\"><a href=\"http:\/\/noshamsters.be\/hamsteropedia\/?page_id=625\">Pr\u00e9sentation<\/a><br \/>\n<a href=\"http:\/\/noshamsters.be\/hamsteropedia\/?page_id=1749\">Couleurs et marquages<\/a><\/p>\n<p>&nbsp;<\/p>\n<h3>Le hamster chinois<\/h3>\n<p><img src=\"http:\/\/noshamsters.be\/hamsteropedia\/wp-content\/uploads\/2014\/04\/minichintranspa.jpg\" align=\"left\"><br \/>\n<a href=\"http:\/\/noshamsters.be\/hamsteropedia\/?page_id=629\">Pr\u00e9sentation<\/a><br \/>\n<a href=\"http:\/\/noshamsters.be\/hamsteropedia\/?page_id=1751\">Couleurs et marquages<\/a><\/p>\n<p>&nbsp;<\/p>\n<\/div>\n<p><span style=\"border-radius: 2px; text-indent: 20px; width: auto; padding: 0px 4px 0px 0px; text-align: center; font: bold 11px\/20px 'Helvetica Neue',Helvetica,sans-serif; color: #ffffff; background: #bd081c no-repeat scroll 3px 50% \/ 14px 14px; position: absolute; opacity: 1; z-index: 8675309; display: none; cursor: pointer;\">Enregistrer<\/span><\/p>\n","protected":false},"excerpt":{"rendered":"<p>Il existe beaucoup d&rsquo;esp\u00e8ces de hamsters. Ce ne sont pas des races, m\u00eame si beaucoup utilisent ce terme, ce sont des esp\u00e8ces diff\u00e9rentes (comme les chiens, les loups, les renards, &#8230; ce sont tous des canid\u00e9s mais pas les m\u00eames esp\u00e8ces). Il y a 5 esp\u00e8ces qui ont \u00e9t\u00e9 domestiqu\u00e9es,\u2026<\/p>\n<p> <a class=\"continue-reading-link\" href=\"http:\/\/noshamsters.be\/hamsteropedia\/?page_id=590\"><span>Lire la suite<\/span><i class=\"crycon-right-dir\"><\/i><\/a> <\/p>\n","protected":false},"author":1,"featured_media":2362,"parent":0,"menu_order":2,"comment_status":"closed","ping_status":"open","template":"","meta":{"ngg_post_thumbnail":0},"_links":{"self":[{"href":"http:\/\/noshamsters.be\/hamsteropedia\/index.php?rest_route=\/wp\/v2\/pages\/590"}],"collection":[{"href":"http:\/\/noshamsters.be\/hamsteropedia\/index.php?rest_route=\/wp\/v2\/pages"}],"about":[{"href":"http:\/\/noshamsters.be\/hamsteropedia\/index.php?rest_route=\/wp\/v2\/types\/page"}],"author":[{"embeddable":true,"href":"http:\/\/noshamsters.be\/hamsteropedia\/index.php?rest_route=\/wp\/v2\/users\/1"}],"replies":[{"embeddable":true,"href":"http:\/\/noshamsters.be\/hamsteropedia\/index.php?rest_route=%2Fwp%2Fv2%2Fcomments&post=590"}],"version-history":[{"count":7,"href":"http:\/\/noshamsters.be\/hamsteropedia\/index.php?rest_route=\/wp\/v2\/pages\/590\/revisions"}],"predecessor-version":[{"id":2363,"href":"http:\/\/noshamsters.be\/hamsteropedia\/index.php?rest_route=\/wp\/v2\/pages\/590\/revisions\/2363"}],"wp:featuredmedia":[{"embeddable":true,"href":"http:\/\/noshamsters.be\/hamsteropedia\/index.php?rest_route=\/wp\/v2\/media\/2362"}],"wp:attachment":[{"href":"http:\/\/noshamsters.be\/hamsteropedia\/index.php?rest_route=%2Fwp%2Fv2%2Fmedia&parent=590"}],"curies":[{"name":"wp","href":"https:\/\/api.w.org\/{rel}","templated":true}]}}