{"id":618,"date":"2012-01-18T19:59:50","date_gmt":"2012-01-18T18:59:50","guid":{"rendered":"http:\/\/noshamsters.be\/hamsteropedia\/?page_id=618"},"modified":"2018-03-22T17:56:52","modified_gmt":"2018-03-22T16:56:52","slug":"campbell","status":"publish","type":"page","link":"http:\/\/noshamsters.be\/hamsteropedia\/?page_id=618","title":{"rendered":"Campbell"},"content":{"rendered":"<p style=\"text-align: center;\"><img loading=\"lazy\" class=\"alignnone aligncenter\" src=\"http:\/\/noshamsters.be\/hamsteropedia\/wp-content\/uploads\/2012\/01\/campbell2.jpg\" alt=\"\" width=\"600\" height=\"200\"><br \/>\n<iframe loading=\"lazy\" src=\"https:\/\/www.youtube.com\/embed\/gzlqdzcmYFo\" width=\"560\" height=\"315\" frameborder=\"0\" allowfullscreen=\"allowfullscreen\"><\/iframe><\/p>\n<h2>Origine<\/h2>\n<p>Originaire des montagnes Alta\u00ef (Russie, Kazakhstan, Mongolie et Chine), il est la proie des serpents et autres reptiles. Contrairement au hamster russe, il va plut\u00f4t attaquer et fuir pour avoir une chance de survie, ce qui rend cette esp\u00e8ce plus nerveuse et mordeuse si elle n&rsquo;est pas bien s\u00e9lectionn\u00e9e et manipul\u00e9e d\u00e8s le plus jeune \u00e2ge. A l\u2019\u00e9tat sauvage, il vit en colonies qui peuvent \u00eatre reproduites en captivit\u00e9 dans un environnement ad\u00e9quat (grand espace, r\u00e9p\u00e9tition des points forts comme les gamelles et les roues).<\/p>\n<p><strong>\u25ba Autres d\u00e9nominations<\/strong>&nbsp;: Campbelli<\/p>\n<p>\/!\\ Le hamster russe et le Campbell se ressemblent tr\u00e8s fort pour un oeil non averti, ces deux esp\u00e8ces sont cependant bien diff\u00e9rentes, en particulier au niveau du caract\u00e8re.&nbsp;<a href=\"http:\/\/noshamsters.be\/hamsteropedia\/?p=978\">Voir comment les diff\u00e9rencier<\/a>.<\/p>\n<h2>Description<\/h2>\n<p>Il est physiquement assez proche de son comp\u00e8re le hamster russe, bien que plus \u00ab\u00a0pointu\u00a0\u00bb de mani\u00e8re g\u00e9n\u00e9rale. Il p\u00e8se environ 40 \u00e0 50 grammes et sa moyenne de vie se situe vers 1.5 an \u00e0 2 ans.<\/p>\n<p><span style=\"line-height: 1.4em;\">Ils ont un poils assez courts et dense qui se d\u00e9cline en une grande s\u00e9rie de couleurs, marquages et m\u00eame quelques types de poils diff\u00e9rents.&nbsp;<\/span><\/p>\n<p><strong>Remarque<\/strong>&nbsp;: Il ne faut pas faire cohabiter deux esp\u00e8ces ensemble. Dans la nature, elles ne se c\u00f4toient pas. De violentes bagarres pourraient provoquer la mort d\u2019un ou de plusieurs hamster<\/p>\n<h2>Vari\u00e9t\u00e9s<\/h2>\n<ul>\n<li><a title=\"[Campbell] Couleur agouties\" href=\"http:\/\/noshamsters.be\/hamsteropedia\/?page_id=1272\">Voir les couleurs agouties<\/a><\/li>\n<li><a title=\"[Campbell] Couleur unies\" href=\"http:\/\/noshamsters.be\/hamsteropedia\/?page_id=1273\">Voir les couleurs unies<\/a><\/li>\n<li><a title=\"[Campbell] Marquages\" href=\"http:\/\/noshamsters.be\/hamsteropedia\/?page_id=1296\">Voir les marquages<\/a><\/li>\n<li><a title=\"[Campbell] Types de poils\" href=\"http:\/\/noshamsters.be\/hamsteropedia\/?page_id=1300\">Voir les types de poil<\/a><\/li>\n<\/ul>\n<div id=\"gallery-1\" class=\"gallery galleryid-609 gallery-columns-3 gallery-size-thumbnail\" style=\"text-align: center;\">Quelques exemples<\/div>\n<div>\n\n\t\t<style type=\"text\/css\">\n\t\t\t#gallery-1 {\n\t\t\t\tmargin: auto;\n\t\t\t}\n\t\t\t#gallery-1 .gallery-item {\n\t\t\t\tfloat: left;\n\t\t\t\tmargin-top: 10px;\n\t\t\t\ttext-align: center;\n\t\t\t\twidth: 33%;\n\t\t\t}\n\t\t\t#gallery-1 img {\n\t\t\t\tborder: 2px solid #cfcfcf;\n\t\t\t}\n\t\t\t#gallery-1 .gallery-caption {\n\t\t\t\tmargin-left: 0;\n\t\t\t}\n\t\t\t\/* see gallery_shortcode() in wp-includes\/media.php *\/\n\t\t<\/style>\n\t\t<div id='gallery-1' class='gallery galleryid-618 gallery-columns-3 gallery-size-thumbnail'><dl class='gallery-item'>\n\t\t\t<dt class='gallery-icon landscape'>\n\t\t\t\t<a href='http:\/\/noshamsters.be\/hamsteropedia\/wp-content\/uploads\/2012\/06\/DSC05977-copy.jpg'><img width=\"150\" height=\"150\" src=\"http:\/\/noshamsters.be\/hamsteropedia\/wp-content\/uploads\/2012\/06\/DSC05977-copy-150x150.jpg\" class=\"attachment-thumbnail size-thumbnail\" alt=\"\" loading=\"lazy\" aria-describedby=\"gallery-1-1166\" \/><\/a>\n\t\t\t<\/dt>\n\t\t\t\t<dd class='wp-caption-text gallery-caption' id='gallery-1-1166'>\n\t\t\t\tAgouti satin\n\t\t\t\t<\/dd><\/dl><dl class='gallery-item'>\n\t\t\t<dt class='gallery-icon landscape'>\n\t\t\t\t<a href='http:\/\/noshamsters.be\/hamsteropedia\/wp-content\/uploads\/2012\/08\/aP1010011-2.jpg'><img width=\"150\" height=\"150\" src=\"http:\/\/noshamsters.be\/hamsteropedia\/wp-content\/uploads\/2012\/08\/aP1010011-2-150x150.jpg\" class=\"attachment-thumbnail size-thumbnail\" alt=\"\" loading=\"lazy\" \/><\/a>\n\t\t\t<\/dt><\/dl><dl class='gallery-item'>\n\t\t\t<dt class='gallery-icon landscape'>\n\t\t\t\t<a href='http:\/\/noshamsters.be\/hamsteropedia\/wp-content\/uploads\/2012\/08\/DSC02986-2.jpg'><img width=\"150\" height=\"150\" src=\"http:\/\/noshamsters.be\/hamsteropedia\/wp-content\/uploads\/2012\/08\/DSC02986-2-150x150.jpg\" class=\"attachment-thumbnail size-thumbnail\" alt=\"\" loading=\"lazy\" \/><\/a>\n\t\t\t<\/dt><\/dl><br style=\"clear: both\" \/><dl class='gallery-item'>\n\t\t\t<dt class='gallery-icon landscape'>\n\t\t\t\t<a href='http:\/\/noshamsters.be\/hamsteropedia\/wp-content\/uploads\/2012\/08\/BLeu.jpg'><img width=\"150\" height=\"150\" src=\"http:\/\/noshamsters.be\/hamsteropedia\/wp-content\/uploads\/2012\/08\/BLeu-150x150.jpg\" class=\"attachment-thumbnail size-thumbnail\" alt=\"\" loading=\"lazy\" \/><\/a>\n\t\t\t<\/dt><\/dl><dl class='gallery-item'>\n\t\t\t<dt class='gallery-icon landscape'>\n\t\t\t\t<a href='http:\/\/noshamsters.be\/hamsteropedia\/wp-content\/uploads\/2012\/08\/P1010057-2.jpg'><img width=\"150\" height=\"150\" src=\"http:\/\/noshamsters.be\/hamsteropedia\/wp-content\/uploads\/2012\/08\/P1010057-2-150x150.jpg\" class=\"attachment-thumbnail size-thumbnail\" alt=\"\" loading=\"lazy\" \/><\/a>\n\t\t\t<\/dt><\/dl><dl class='gallery-item'>\n\t\t\t<dt class='gallery-icon landscape'>\n\t\t\t\t<a href='http:\/\/noshamsters.be\/hamsteropedia\/wp-content\/uploads\/2012\/08\/DSC06004-copy.jpg'><img width=\"150\" height=\"150\" src=\"http:\/\/noshamsters.be\/hamsteropedia\/wp-content\/uploads\/2012\/08\/DSC06004-copy-150x150.jpg\" class=\"attachment-thumbnail size-thumbnail\" alt=\"\" loading=\"lazy\" \/><\/a>\n\t\t\t<\/dt><\/dl><br style=\"clear: both\" \/><dl class='gallery-item'>\n\t\t\t<dt class='gallery-icon landscape'>\n\t\t\t\t<a href='http:\/\/noshamsters.be\/hamsteropedia\/wp-content\/uploads\/2012\/08\/DSC00328-copy.jpg'><img width=\"150\" height=\"150\" src=\"http:\/\/noshamsters.be\/hamsteropedia\/wp-content\/uploads\/2012\/08\/DSC00328-copy-150x150.jpg\" class=\"attachment-thumbnail size-thumbnail\" alt=\"\" loading=\"lazy\" \/><\/a>\n\t\t\t<\/dt><\/dl><dl class='gallery-item'>\n\t\t\t<dt class='gallery-icon landscape'>\n\t\t\t\t<a href='http:\/\/noshamsters.be\/hamsteropedia\/wp-content\/uploads\/2012\/08\/DSC01091-copy.jpg'><img width=\"150\" height=\"150\" src=\"http:\/\/noshamsters.be\/hamsteropedia\/wp-content\/uploads\/2012\/08\/DSC01091-copy-150x150.jpg\" class=\"attachment-thumbnail size-thumbnail\" alt=\"\" loading=\"lazy\" \/><\/a>\n\t\t\t<\/dt><\/dl>\n\t\t\t<br style='clear: both' \/>\n\t\t<\/div>\n\n<\/div>\n<div>&nbsp;<\/div>\n","protected":false},"excerpt":{"rendered":"<p>Origine Originaire des montagnes Alta\u00ef (Russie, Kazakhstan, Mongolie et Chine), il est la proie des serpents et autres reptiles. Contrairement au hamster russe, il va plut\u00f4t attaquer et fuir pour avoir une chance de survie, ce qui rend cette esp\u00e8ce plus nerveuse et mordeuse si elle n&rsquo;est pas bien s\u00e9lectionn\u00e9e\u2026<\/p>\n<p> <a class=\"continue-reading-link\" href=\"http:\/\/noshamsters.be\/hamsteropedia\/?page_id=618\"><span>Lire la suite<\/span><i class=\"crycon-right-dir\"><\/i><\/a> <\/p>\n","protected":false},"author":1,"featured_media":0,"parent":590,"menu_order":2,"comment_status":"closed","ping_status":"open","template":"","meta":{"ngg_post_thumbnail":0},"_links":{"self":[{"href":"http:\/\/noshamsters.be\/hamsteropedia\/index.php?rest_route=\/wp\/v2\/pages\/618"}],"collection":[{"href":"http:\/\/noshamsters.be\/hamsteropedia\/index.php?rest_route=\/wp\/v2\/pages"}],"about":[{"href":"http:\/\/noshamsters.be\/hamsteropedia\/index.php?rest_route=\/wp\/v2\/types\/page"}],"author":[{"embeddable":true,"href":"http:\/\/noshamsters.be\/hamsteropedia\/index.php?rest_route=\/wp\/v2\/users\/1"}],"replies":[{"embeddable":true,"href":"http:\/\/noshamsters.be\/hamsteropedia\/index.php?rest_route=%2Fwp%2Fv2%2Fcomments&post=618"}],"version-history":[{"count":11,"href":"http:\/\/noshamsters.be\/hamsteropedia\/index.php?rest_route=\/wp\/v2\/pages\/618\/revisions"}],"predecessor-version":[{"id":2537,"href":"http:\/\/noshamsters.be\/hamsteropedia\/index.php?rest_route=\/wp\/v2\/pages\/618\/revisions\/2537"}],"up":[{"embeddable":true,"href":"http:\/\/noshamsters.be\/hamsteropedia\/index.php?rest_route=\/wp\/v2\/pages\/590"}],"wp:attachment":[{"href":"http:\/\/noshamsters.be\/hamsteropedia\/index.php?rest_route=%2Fwp%2Fv2%2Fmedia&parent=618"}],"curies":[{"name":"wp","href":"https:\/\/api.w.org\/{rel}","templated":true}]}}