{"id":625,"date":"2012-01-18T20:06:16","date_gmt":"2012-01-18T19:06:16","guid":{"rendered":"http:\/\/noshamsters.be\/hamsteropedia\/?page_id=625"},"modified":"2018-03-22T20:10:45","modified_gmt":"2018-03-22T19:10:45","slug":"625-2","status":"publish","type":"page","link":"http:\/\/noshamsters.be\/hamsteropedia\/?page_id=625","title":{"rendered":"Roborovski"},"content":{"rendered":"<p style=\"text-align: center;\"><iframe loading=\"lazy\" src=\"https:\/\/www.youtube.com\/embed\/WDL2opHJmS8\" width=\"560\" height=\"315\" frameborder=\"0\" allowfullscreen=\"allowfullscreen\"><\/iframe><\/p>\n<h2>Origine<\/h2>\n<p><span style=\"line-height: 1.4em;\">Originaire de la Mongolie, de la Russie et du nord de la Chine, il doit son nom au membre d\u2019une exp\u00e9rience scientifique qui en captura un exemplaire en 1894. Le roborovski est \u00e0 la base un animal sociable qui vit en petits groupes ou en couple. Cependant, ils poss\u00e8dent de grands territoires, ce qui n&rsquo;est pas le cas en captivit\u00e9 et peut mener \u00e0 des bagarres allant jusqu&rsquo;\u00e0 la mort d&rsquo;un des animaux.&nbsp;<\/span><\/p>\n<h2>Description<\/h2>\n<p>C\u2019est le plus petit des hamsters de compagnie. Il mesure en moyenne 5 cm de long et p\u00e8se environ 25 \u00e0 30 grammes. C\u2019est sa petite taille justement qui le rend tr\u00e8s difficile \u00e0 manipuler, et les heureux propri\u00e9taires devront s\u2019armer de patience s\u2019ils d\u00e9sirent le faire sortir de sa cage.&nbsp;Il a un poil plus long que les autres hamsters nains, et des pattes velues, m\u00eame sur la surface plantaire. Son pelage est marron dor\u00e9 sur le dos, la base du poil \u00e9tant plus fonc\u00e9e, sans ligne dorsale. Le ventre est blanc. Il poss\u00e8de une tache ronde blanche au dessus de chaque oeil, ce \u00e0 quoi on le reconna\u00eet.<\/p>\n<p><strong>Remarque<\/strong>&nbsp;: Il ne faut pas faire cohabiter deux esp\u00e8ces ensemble. Dans la nature, elles ne se c\u00f4toient pas. De violentes bagarres pourraient provoquer la mort d\u2019un ou de plusieurs hamsters.<\/p>\n<p><img loading=\"lazy\" class=\"aligncenter size-full wp-image-2553\" src=\"http:\/\/noshamsters.be\/hamsteropedia\/wp-content\/uploads\/2018\/03\/robo.jpg\" alt=\"\" width=\"800\" height=\"300\" srcset=\"http:\/\/noshamsters.be\/hamsteropedia\/wp-content\/uploads\/2018\/03\/robo.jpg 800w, http:\/\/noshamsters.be\/hamsteropedia\/wp-content\/uploads\/2018\/03\/robo-300x113.jpg 300w, http:\/\/noshamsters.be\/hamsteropedia\/wp-content\/uploads\/2018\/03\/robo-768x288.jpg 768w, http:\/\/noshamsters.be\/hamsteropedia\/wp-content\/uploads\/2018\/03\/robo-150x56.jpg 150w\" sizes=\"(max-width: 800px) 100vw, 800px\" \/><\/p>\n<h2>Vari\u00e9t\u00e9s<\/h2>\n<ul>\n<li><a title=\"[Roborovski] Couleurs et marquages\" href=\"http:\/\/noshamsters.be\/hamsteropedia\/?page_id=1749\">Voir la page des couleurs et marquages existant<\/a><\/li>\n<\/ul>\n<p style=\"text-align: center;\">Quelques exemples<\/p>\n\n\t\t<style type=\"text\/css\">\n\t\t\t#gallery-1 {\n\t\t\t\tmargin: auto;\n\t\t\t}\n\t\t\t#gallery-1 .gallery-item {\n\t\t\t\tfloat: left;\n\t\t\t\tmargin-top: 10px;\n\t\t\t\ttext-align: center;\n\t\t\t\twidth: 33%;\n\t\t\t}\n\t\t\t#gallery-1 img {\n\t\t\t\tborder: 2px solid #cfcfcf;\n\t\t\t}\n\t\t\t#gallery-1 .gallery-caption {\n\t\t\t\tmargin-left: 0;\n\t\t\t}\n\t\t\t\/* see gallery_shortcode() in wp-includes\/media.php *\/\n\t\t<\/style>\n\t\t<div id='gallery-1' class='gallery galleryid-625 gallery-columns-3 gallery-size-thumbnail'><dl class='gallery-item'>\n\t\t\t<dt class='gallery-icon landscape'>\n\t\t\t\t<a href='http:\/\/noshamsters.be\/hamsteropedia\/wp-content\/uploads\/2012\/03\/DSCN4183.jpg'><img width=\"150\" height=\"150\" src=\"http:\/\/noshamsters.be\/hamsteropedia\/wp-content\/uploads\/2012\/03\/DSCN4183-150x150.jpg\" class=\"attachment-thumbnail size-thumbnail\" alt=\"\" loading=\"lazy\" aria-describedby=\"gallery-1-1066\" \/><\/a>\n\t\t\t<\/dt>\n\t\t\t\t<dd class='wp-caption-text gallery-caption' id='gallery-1-1066'>\n\t\t\t\tJeune roborovski\n\t\t\t\t<\/dd><\/dl><dl class='gallery-item'>\n\t\t\t<dt class='gallery-icon landscape'>\n\t\t\t\t<a href='http:\/\/noshamsters.be\/hamsteropedia\/wp-content\/uploads\/2012\/03\/DSCN2859.jpg'><img width=\"150\" height=\"150\" src=\"http:\/\/noshamsters.be\/hamsteropedia\/wp-content\/uploads\/2012\/03\/DSCN2859-150x150.jpg\" class=\"attachment-thumbnail size-thumbnail\" alt=\"\" loading=\"lazy\" \/><\/a>\n\t\t\t<\/dt><\/dl><dl class='gallery-item'>\n\t\t\t<dt class='gallery-icon landscape'>\n\t\t\t\t<a href='http:\/\/noshamsters.be\/hamsteropedia\/wp-content\/uploads\/2018\/03\/DSC03902-copy-copy.jpg'><img width=\"150\" height=\"150\" src=\"http:\/\/noshamsters.be\/hamsteropedia\/wp-content\/uploads\/2018\/03\/DSC03902-copy-copy-150x150.jpg\" class=\"attachment-thumbnail size-thumbnail\" alt=\"\" loading=\"lazy\" \/><\/a>\n\t\t\t<\/dt><\/dl><br style=\"clear: both\" \/><dl class='gallery-item'>\n\t\t\t<dt class='gallery-icon landscape'>\n\t\t\t\t<a href='http:\/\/noshamsters.be\/hamsteropedia\/wp-content\/uploads\/2018\/03\/DSC3056-copy-copy.jpg'><img width=\"150\" height=\"150\" src=\"http:\/\/noshamsters.be\/hamsteropedia\/wp-content\/uploads\/2018\/03\/DSC3056-copy-copy-150x150.jpg\" class=\"attachment-thumbnail size-thumbnail\" alt=\"\" loading=\"lazy\" \/><\/a>\n\t\t\t<\/dt><\/dl><dl class='gallery-item'>\n\t\t\t<dt class='gallery-icon landscape'>\n\t\t\t\t<a href='http:\/\/noshamsters.be\/hamsteropedia\/wp-content\/uploads\/2018\/03\/DSC03363-copy-copy.jpg'><img width=\"150\" height=\"150\" src=\"http:\/\/noshamsters.be\/hamsteropedia\/wp-content\/uploads\/2018\/03\/DSC03363-copy-copy-150x150.jpg\" class=\"attachment-thumbnail size-thumbnail\" alt=\"\" loading=\"lazy\" \/><\/a>\n\t\t\t<\/dt><\/dl><dl class='gallery-item'>\n\t\t\t<dt class='gallery-icon landscape'>\n\t\t\t\t<a href='http:\/\/noshamsters.be\/hamsteropedia\/wp-content\/uploads\/2018\/03\/DSC04070-copy-copy.jpg'><img width=\"150\" height=\"150\" src=\"http:\/\/noshamsters.be\/hamsteropedia\/wp-content\/uploads\/2018\/03\/DSC04070-copy-copy-150x150.jpg\" class=\"attachment-thumbnail size-thumbnail\" alt=\"\" loading=\"lazy\" \/><\/a>\n\t\t\t<\/dt><\/dl><br style=\"clear: both\" \/><dl class='gallery-item'>\n\t\t\t<dt class='gallery-icon landscape'>\n\t\t\t\t<a href='http:\/\/noshamsters.be\/hamsteropedia\/wp-content\/uploads\/2018\/03\/DSC7889-copy-copy.jpg'><img width=\"150\" height=\"150\" src=\"http:\/\/noshamsters.be\/hamsteropedia\/wp-content\/uploads\/2018\/03\/DSC7889-copy-copy-150x150.jpg\" class=\"attachment-thumbnail size-thumbnail\" alt=\"\" loading=\"lazy\" aria-describedby=\"gallery-1-2558\" \/><\/a>\n\t\t\t<\/dt>\n\t\t\t\t<dd class='wp-caption-text gallery-caption' id='gallery-1-2558'>\n\t\t\t\tCannelle t\u00eate blanche\n\t\t\t\t<\/dd><\/dl><dl class='gallery-item'>\n\t\t\t<dt class='gallery-icon landscape'>\n\t\t\t\t<a href='http:\/\/noshamsters.be\/hamsteropedia\/wp-content\/uploads\/2018\/03\/DSC04015-copy-copy.jpg'><img width=\"150\" height=\"150\" src=\"http:\/\/noshamsters.be\/hamsteropedia\/wp-content\/uploads\/2018\/03\/DSC04015-copy-copy-150x150.jpg\" class=\"attachment-thumbnail size-thumbnail\" alt=\"\" loading=\"lazy\" aria-describedby=\"gallery-1-2559\" \/><\/a>\n\t\t\t<\/dt>\n\t\t\t\t<dd class='wp-caption-text gallery-caption' id='gallery-1-2559'>\n\t\t\t\tCannelle mottled\n\t\t\t\t<\/dd><\/dl><dl class='gallery-item'>\n\t\t\t<dt class='gallery-icon landscape'>\n\t\t\t\t<a href='http:\/\/noshamsters.be\/hamsteropedia\/wp-content\/uploads\/2012\/03\/DSC02543-copy.jpg'><img width=\"150\" height=\"150\" src=\"http:\/\/noshamsters.be\/hamsteropedia\/wp-content\/uploads\/2012\/03\/DSC02543-copy-150x150.jpg\" class=\"attachment-thumbnail size-thumbnail\" alt=\"\" loading=\"lazy\" \/><\/a>\n\t\t\t<\/dt><\/dl><br style=\"clear: both\" \/>\n\t\t<\/div>\n\n","protected":false},"excerpt":{"rendered":"<p>Origine Originaire de la Mongolie, de la Russie et du nord de la Chine, il doit son nom au membre d\u2019une exp\u00e9rience scientifique qui en captura un exemplaire en 1894. Le roborovski est \u00e0 la base un animal sociable qui vit en petits groupes ou en couple. Cependant, ils poss\u00e8dent\u2026<\/p>\n<p> <a class=\"continue-reading-link\" href=\"http:\/\/noshamsters.be\/hamsteropedia\/?page_id=625\"><span>Lire la suite<\/span><i class=\"crycon-right-dir\"><\/i><\/a> <\/p>\n","protected":false},"author":1,"featured_media":0,"parent":590,"menu_order":3,"comment_status":"closed","ping_status":"open","template":"","meta":{"ngg_post_thumbnail":0},"_links":{"self":[{"href":"http:\/\/noshamsters.be\/hamsteropedia\/index.php?rest_route=\/wp\/v2\/pages\/625"}],"collection":[{"href":"http:\/\/noshamsters.be\/hamsteropedia\/index.php?rest_route=\/wp\/v2\/pages"}],"about":[{"href":"http:\/\/noshamsters.be\/hamsteropedia\/index.php?rest_route=\/wp\/v2\/types\/page"}],"author":[{"embeddable":true,"href":"http:\/\/noshamsters.be\/hamsteropedia\/index.php?rest_route=\/wp\/v2\/users\/1"}],"replies":[{"embeddable":true,"href":"http:\/\/noshamsters.be\/hamsteropedia\/index.php?rest_route=%2Fwp%2Fv2%2Fcomments&post=625"}],"version-history":[{"count":13,"href":"http:\/\/noshamsters.be\/hamsteropedia\/index.php?rest_route=\/wp\/v2\/pages\/625\/revisions"}],"predecessor-version":[{"id":2560,"href":"http:\/\/noshamsters.be\/hamsteropedia\/index.php?rest_route=\/wp\/v2\/pages\/625\/revisions\/2560"}],"up":[{"embeddable":true,"href":"http:\/\/noshamsters.be\/hamsteropedia\/index.php?rest_route=\/wp\/v2\/pages\/590"}],"wp:attachment":[{"href":"http:\/\/noshamsters.be\/hamsteropedia\/index.php?rest_route=%2Fwp%2Fv2%2Fmedia&parent=625"}],"curies":[{"name":"wp","href":"https:\/\/api.w.org\/{rel}","templated":true}]}}