{"id":629,"date":"2012-01-18T20:08:24","date_gmt":"2012-01-18T19:08:24","guid":{"rendered":"http:\/\/noshamsters.be\/hamsteropedia\/?page_id=629"},"modified":"2014-03-28T20:19:11","modified_gmt":"2014-03-28T19:19:11","slug":"chinois","status":"publish","type":"page","link":"http:\/\/noshamsters.be\/hamsteropedia\/?page_id=629","title":{"rendered":"Chinois"},"content":{"rendered":"<p><img loading=\"lazy\" class=\"alignnone\" alt=\"\" src=\"http:\/\/noshamsters.be\/hamsteropedia\/wp-content\/uploads\/2012\/01\/chinois2.jpg\" width=\"600\" height=\"200\" \/><\/p>\n<h1>Fiche technique<\/h1>\n<h2>Origine<\/h2>\n<p>Le hamster chinois est originaire du nord de la Chine et de la Mongolie. Il ne fait pas partie de la m\u00eame famille que les autres hamsters nains. Il est peu r\u00e9pandu et a \u00e9t\u00e9 domestiqu\u00e9 assez tard.<\/p>\n<h2>Description<\/h2>\n<p>Son physique est \u00e0 mi-chemin entre les hamsters nains et le syrien. Il est assez allong\u00e9, avec pour les m\u00e2les des testicules pro\u00e9minents (environ 1\/3 de la longueur du corps). Il p\u00e8se environ 70-80 grammes.<\/p>\n<p>Son caract\u00e8re est aussi variable que celui du hamster syrien, \u00e0 qui il ressemble beaucoup. Il vit seul et est souvent territorial, mais si certains \u00e9leveurs le maintienne en couple. Son mode de vie est assez peu \u00e9tudi\u00e9. Il est difficile \u00e0 reproduire.<\/p>\n<p>Il n&rsquo;existe pas beaucoup de mutations, comme il est peu populaire et un seul type de poil, court et lisse.<\/p>\n<h2>Vari\u00e9t\u00e9s<\/h2>\n<ul>\n<li><a title=\"[Chinois] Couleurs et marquages\" href=\"http:\/\/noshamsters.be\/hamsteropedia\/?page_id=1751\">Voir les couleurs et marquages existant<\/a><\/li>\n<\/ul>\n","protected":false},"excerpt":{"rendered":"<p>Fiche technique Origine Le hamster chinois est originaire du nord de la Chine et de la Mongolie. Il ne fait pas partie de la m\u00eame famille que les autres hamsters nains. Il est peu r\u00e9pandu et a \u00e9t\u00e9 domestiqu\u00e9 assez tard. Description Son physique est \u00e0 mi-chemin entre les hamsters\u2026<\/p>\n<p> <a class=\"continue-reading-link\" href=\"http:\/\/noshamsters.be\/hamsteropedia\/?page_id=629\"><span>Lire la suite<\/span><i class=\"crycon-right-dir\"><\/i><\/a> <\/p>\n","protected":false},"author":1,"featured_media":0,"parent":590,"menu_order":4,"comment_status":"closed","ping_status":"open","template":"","meta":{"ngg_post_thumbnail":0},"_links":{"self":[{"href":"http:\/\/noshamsters.be\/hamsteropedia\/index.php?rest_route=\/wp\/v2\/pages\/629"}],"collection":[{"href":"http:\/\/noshamsters.be\/hamsteropedia\/index.php?rest_route=\/wp\/v2\/pages"}],"about":[{"href":"http:\/\/noshamsters.be\/hamsteropedia\/index.php?rest_route=\/wp\/v2\/types\/page"}],"author":[{"embeddable":true,"href":"http:\/\/noshamsters.be\/hamsteropedia\/index.php?rest_route=\/wp\/v2\/users\/1"}],"replies":[{"embeddable":true,"href":"http:\/\/noshamsters.be\/hamsteropedia\/index.php?rest_route=%2Fwp%2Fv2%2Fcomments&post=629"}],"version-history":[{"count":6,"href":"http:\/\/noshamsters.be\/hamsteropedia\/index.php?rest_route=\/wp\/v2\/pages\/629\/revisions"}],"predecessor-version":[{"id":1762,"href":"http:\/\/noshamsters.be\/hamsteropedia\/index.php?rest_route=\/wp\/v2\/pages\/629\/revisions\/1762"}],"up":[{"embeddable":true,"href":"http:\/\/noshamsters.be\/hamsteropedia\/index.php?rest_route=\/wp\/v2\/pages\/590"}],"wp:attachment":[{"href":"http:\/\/noshamsters.be\/hamsteropedia\/index.php?rest_route=%2Fwp%2Fv2%2Fmedia&parent=629"}],"curies":[{"name":"wp","href":"https:\/\/api.w.org\/{rel}","templated":true}]}}