{"id":299,"date":"2011-12-16T11:23:36","date_gmt":"2011-12-16T10:23:36","guid":{"rendered":"http:\/\/noshamsters.be\/stardust\/?page_id=299"},"modified":"2020-02-01T10:32:45","modified_gmt":"2020-02-01T09:32:45","slug":"liens","status":"publish","type":"page","link":"http:\/\/noshamsters.be\/stardust\/?page_id=299","title":{"rendered":"Liens"},"content":{"rendered":"<p><span style=\"border-radius: 2px; text-indent: 20px; width: auto; padding: 0px 4px 0px 0px; text-align: center; font: bold 11px\/20px 'Helvetica Neue',Helvetica,sans-serif; color: #ffffff; background: #bd081c no-repeat scroll 3px 50% \/ 14px 14px; position: absolute; opacity: 1; z-index: 8675309; display: none; cursor: pointer;\">Enregistrer<\/span><\/p>\n\n\n<h2 class=\"has-pale-pink-color has-text-color\"><strong>Achetez mon livre sur le hamster<\/strong><\/h2>\n\n\n\n<p>Mon livre est disponible en format papier, en format digital PDF et en format Kindle sur Amazon. <a href=\"http:\/\/noshamsters.be\/hamsteropedia\/?p=1842\">Suivez ce lien pour le commander!<\/a><\/p>\n\n\n\n<h2 class=\"has-pale-pink-color has-text-color\">Notre cha\u00eene Youtube (infos hamsters, live, etc)<\/h2>\n\n\n\n<p>M\u00e9lodie (Hamsterious) et moi avons une chaine youtube o\u00f9 vous trouverez plein de conseils! <a href=\"https:\/\/www.youtube.com\/channel\/UCDxPXyG1z2i12JCzHZq3YyA\">Melolee &#8211; Hamsters &amp; Compagnie!<\/a><\/p>\n\n\n\n<h2 class=\"has-pale-pink-color has-text-color\"><strong>Information<\/strong>s<\/h2>\n\n\n\n<ul><li><a href=\"afar-asbl.net\">A.F.A.R<\/a>. : Association Francophone des Amateurs de Rongeurs.<\/li><li><a href=\"http:\/\/www.hamstersclubfrancophone.jimdo.com\">Hamsters Club Francophone<\/a> : club pour les amoureux des hamsters<\/li><li><a href=\"http:\/\/www.noshamsters.be\/hamsteropedia\">Hamster&rsquo;op\u00e9dia<\/a> : mon site sur les hamsters (infos compl\u00e8tes)<\/li><li><a href=\"https:\/\/eldanarshamsterworld.wordpress.com\/\" target=\"_blank\" rel=\"noreferrer noopener\">Eldanar Hamsterword<\/a> : tr\u00e8s bon site d&rsquo;informations sur les hamsters<\/li><\/ul>\n\n\n\n<h2 class=\"has-pale-pink-color has-text-color\"><strong>Autres \u00e9leveurs de hamsters<\/strong><\/h2>\n\n\n\n<ul><li><a rel=\"noreferrer noopener\" aria-label=\" (s\u2019ouvre dans un nouvel onglet)\" href=\"https:\/\/www.facebook.com\/elevagehamsterious\/\" target=\"_blank\">Hamsterious<\/a> : Eleveur amateur Campbell, en France (en pause pour le moment)<\/li><li><a rel=\"noreferrer noopener\" href=\"http:\/\/leterrierdesheldon.wix.com\/home\" target=\"_blank\">Le Terrier de Sheldon<\/a> : Eleveur amateur de hamsters syriens en France.<\/li><li><a href=\"https:\/\/www.facebook.com\/silverlown\/\">Silverlown <\/a>: Eleveur amateur de Campbell, en France.<\/li><li><a href=\"https:\/\/www.facebook.com\/DreamLighthamster\/\">Dream Light<\/a> : Eleveur amateur de Russes purs, en France. <\/li><li><a href=\"https:\/\/www.facebook.com\/MouseryBlackBeauty\/\">BBeauty <\/a>: Eleveur amateur de Syriens, et parfois de nains, aux Pays-Bas.<\/li><li><a href=\"https:\/\/www.facebook.com\/hamsterydouxamour\/\">Doux Amour<\/a> : Eleveur amateur de Syriens, et occasionnellement de nains, aux Pays-Bas.<\/li><li><a href=\"https:\/\/www.facebook.com\/albasknagertjes\/\">Alba Knagertjes<\/a> : Eleveur amateur de hamsters et autres rongeurs, Pays-Bas. <\/li><li><a href=\"https:\/\/www.facebook.com\/hamsteryPatches\/\">Patches <\/a>: Eleveur amateur de hamsters Syriens et roborovski, aux Pays-Bas.<\/li><li><a href=\"https:\/\/www.facebook.com\/HamsteryPhalene\/\">Phal\u00e8ne <\/a>: Eleveur amateur de hamsters Syriens, aux Pays-Bas.<\/li><li><a href=\"https:\/\/www.facebook.com\/Hamstery-Het-Tukkertje-1036247176487004\/?ref=br_rs\">Het Tukkertje<\/a> : Eleveur amateur de hamsters Syriens, aux Pays-Bas.<\/li><li><a href=\"https:\/\/www.facebook.com\/hamsterycasanova\/\">Casanova <\/a>: Eleveur amateur de roborovski, aux Pays-Bas<\/li><li><a href=\"https:\/\/www.facebook.com\/HamsteryEevee\/\">Eevee <\/a>: Eleveur amateur de hamsters syriens, aux Pays-Bas<\/li><li> <a href=\"https:\/\/www.facebook.com\/TwentyTimesForHamsters\/?ref=br_rs\">Twenty Time for Hamsters<\/a> : Eleveur amateur de Campbell, aux Pays-Bas <\/li><li><a href=\"https:\/\/www.facebook.com\/bellienco\/?ref=br_rs\">Belli &amp; co<\/a> : Eleveur amateur de Campbell, aux Pays-Bas<\/li><li><a href=\"https:\/\/www.facebook.com\/HamsteryofParadise\/\">Of Paradise<\/a> : Eleveur amateur de hamsters Syriens et Campbell, de souris, de rats, en Allemagne.<\/li><li><a href=\"https:\/\/www.facebook.com\/grayscales\/\">Greyscale <\/a>: Eleveur amateur de hamsters Syriens, en Su\u00e8de<\/li><li><a href=\"https:\/\/www.facebook.com\/aklejashamstrar\/?ref=br_rs\">Akleja <\/a>: Eleveur amateur de hamsters Syriens et Campbell, en Su\u00e8de<\/li><li><a href=\"https:\/\/www.facebook.com\/PicusHamstery\/?ref=br_rs\">Picus <\/a>: Eleveur amateur de hamsters Syriens, Russe, Campbell et roborovski, en Finlande<\/li><\/ul>\n","protected":false},"excerpt":{"rendered":"<p>Enregistrer Achetez mon livre sur le hamster Mon livre est disponible en format papier, en format digital PDF et en format Kindle sur Amazon. Suivez ce lien pour le commander! Notre cha\u00eene Youtube (infos hamsters, live, etc) M\u00e9lodie (Hamsterious) et moi avons une chaine youtube o\u00f9 vous trouverez plein de conseils! Melolee &#8211; Hamsters &amp;<br \/><a class=\"moretag\" href=\"http:\/\/noshamsters.be\/stardust\/?page_id=299\">+ Lire Plus<\/a><\/p>\n","protected":false},"author":1,"featured_media":0,"parent":281,"menu_order":1,"comment_status":"closed","ping_status":"open","template":"","meta":{"ngg_post_thumbnail":0},"_links":{"self":[{"href":"http:\/\/noshamsters.be\/stardust\/index.php?rest_route=\/wp\/v2\/pages\/299"}],"collection":[{"href":"http:\/\/noshamsters.be\/stardust\/index.php?rest_route=\/wp\/v2\/pages"}],"about":[{"href":"http:\/\/noshamsters.be\/stardust\/index.php?rest_route=\/wp\/v2\/types\/page"}],"author":[{"embeddable":true,"href":"http:\/\/noshamsters.be\/stardust\/index.php?rest_route=\/wp\/v2\/users\/1"}],"replies":[{"embeddable":true,"href":"http:\/\/noshamsters.be\/stardust\/index.php?rest_route=%2Fwp%2Fv2%2Fcomments&post=299"}],"version-history":[{"count":19,"href":"http:\/\/noshamsters.be\/stardust\/index.php?rest_route=\/wp\/v2\/pages\/299\/revisions"}],"predecessor-version":[{"id":9176,"href":"http:\/\/noshamsters.be\/stardust\/index.php?rest_route=\/wp\/v2\/pages\/299\/revisions\/9176"}],"up":[{"embeddable":true,"href":"http:\/\/noshamsters.be\/stardust\/index.php?rest_route=\/wp\/v2\/pages\/281"}],"wp:attachment":[{"href":"http:\/\/noshamsters.be\/stardust\/index.php?rest_route=%2Fwp%2Fv2%2Fmedia&parent=299"}],"curies":[{"name":"wp","href":"https:\/\/api.w.org\/{rel}","templated":true}]}}