{"id":9157,"date":"2020-01-31T20:57:42","date_gmt":"2020-01-31T19:57:42","guid":{"rendered":"http:\/\/noshamsters.be\/stardust\/?page_id=9157"},"modified":"2021-08-05T17:36:01","modified_gmt":"2021-08-05T15:36:01","slug":"presentation-de-lelevage","status":"publish","type":"page","link":"http:\/\/noshamsters.be\/stardust\/?page_id=9157","title":{"rendered":"Pr\u00e9sentation de l&rsquo;\u00e9levage"},"content":{"rendered":"\n<p><strong>J&rsquo;ai commenc\u00e9 \u00e0 \u00e9lev\u00e9 du hamster en 2003<\/strong>, sous le nom Hamst\u00e9rix. Assez vite, j&rsquo;ai \u00e9t\u00e9 prise par la folie des expos et des shows, j&rsquo;ai donc commenc\u00e9 \u00e0 travailler mes lign\u00e9es dans l&rsquo;optique d&rsquo;am\u00e9liorer le physique, vers le standard. L&rsquo;\u00e9levage a chang\u00e9 de nom quelques ann\u00e9es plus tard, quand j&rsquo;ai commenc\u00e9 \u00e0 me diversifier (\u00e0 l&rsquo;\u00e9poque, j&rsquo;ai aussi \u00e9lev\u00e9 des souris, des gerbilles et des rats) et est devenu La For\u00eat des Yggdrasils. J&rsquo;ai fait une longue pause par la suite, et en recommen\u00e7ant, j&rsquo;ai pris un nom plus facile, comme je d\u00e9marrais \u00ab\u00a0\u00e0 neuf\u00a0\u00bb sur de nouvelles lign\u00e9es, et Stardust est n\u00e9 (2010).<\/p>\n\n\n\n<p><strong>Quels sont mes&nbsp;buts?&nbsp;<\/strong><\/p>\n\n\n\n<p>Comme pour tout \u00e9levage, le but premier de chaque port\u00e9e est d&rsquo;am\u00e9liorer la lign\u00e9e, en produisant, autant que possible, une descendance meilleure que les parents.<\/p>\n\n\n\n<p>Je travaille donc sur le <strong>type<\/strong>, qui doit se rapprocher du standard. Mon projet de base est de travailler et am\u00e9liorer le noir, le tricolore ainsi que quelques d\u00e9riv\u00e9s (le yellow black forc\u00e9ment, mais aussi le chocolat, &#8230;). Cependant, le type (et bien sur avant tout \u00e7a la sant\u00e9 et le caract\u00e8re) \u00e9tant mon premier point de travail, il arrive fr\u00e9quemment d&rsquo;avoir des port\u00e9es qui n&rsquo;entrent pas directement dans ce projet. <\/p>\n\n\n\n<p>Je travaille sur la <strong>sant\u00e9<\/strong> et je veille \u00e0 ce que mes reproducteurs n&rsquo;aient pas d&rsquo;ant\u00e9c\u00e9dents connus de probl\u00e8mes de sant\u00e9. Il m&rsquo;est arriv\u00e9, en cas de gros soucis, d&rsquo;arr\u00eater totalement une branche d&rsquo;une lign\u00e9e et de garder parfois une port\u00e9e enti\u00e8re en compagnie pour ne pas placer un b\u00e9b\u00e9 qui pourrait avoir des soucis rapidement.<\/p>\n\n\n\n<p>Je \u00ab\u00a0travaille\u00a0\u00bb le <strong>caract\u00e8re<\/strong>, je veille \u00e0 ce que tous mes animaux soient \u00e9quilibr\u00e9s, que les animaux reproducteurs n&rsquo;aient pas de soucis de caract\u00e8re (je ne regarde pas seulement \u00e0 l&rsquo;agressivit\u00e9 mais \u00e9galement \u00e0 l&rsquo;apprivoisement, aux \u00e9ventuels TOC, ou \u00e0 l&rsquo;hyperactivit\u00e9).<\/p>\n\n\n\n<p><strong>\u00c9thique de l\u2019\u00e9levage<\/strong><\/p>\n\n\n\n<p>Il est toujours difficile de r\u00e9sumer l\u2019\u00e9thique que l\u2019on a de son \u00e9levage,&nbsp;qui peut varier parfois selon les circonstances. Je vais tenter de r\u00e9sumer les points importants.<\/p>\n\n\n\n<p>Mes hamsters sont log\u00e9s dans <strong>des habitats qui font au minimum 4000 cm\u00b2<\/strong>, sauf pour les jeunes s\u00e9par\u00e9s avant adoption ou les hamsters en convalescence \u00e9ventuelle. Je change cependant de plus en plus vers du 5000-6000 cm\u00b2 o\u00f9 le hamster est bien plus \u00e0 l&rsquo;aise.<\/p>\n\n\n\n<p>En ce qui concerne la <strong>reproduction<\/strong>, les femelles font en g\u00e9n\u00e9ral une, parfois deux port\u00e9es dans leur vie. Je ne reproduis pas un hamster dont le d\u00e9veloppement n\u2019est pas termin\u00e9 ou dont l\u2019apprivoisement n\u2019est pas termin\u00e9. Ensuite, je vois l\u2019\u00e9volution, et je d\u00e9cide en fonction de cela. Parfois, les m\u00e2les peuvent \u00e9voluer physiquement jusque 6, voire 8 mois, et tant qu\u2019ils n\u2019ont pas atteint un poids et un physique correct, j\u2019attends.<\/p>\n\n\n\n<p><strong>Les b\u00e9b\u00e9s sont manipul\u00e9s<\/strong> tr\u00e8s jeunes, souvent en pr\u00e9sence de la maman qui me laisse faire, ce qui permet aux petits de se mettre en confiance. <\/p>\n\n\n\n<p>Je pratique le <strong>rehoming<\/strong>, pour le bien des animaux. En effet, malgr\u00e9 mon attachement \u00e9norme \u00e0 certains hamsters, je sais qu\u2019une famille n\u2019ayant qu\u2019un seul animal s\u2019en occupera beaucoup plus souvent que moi, il pourra sortir chaque soir, et \u00eatre trait\u00e9 comme un roi. Ce que je suis incapable de faire, malheureusement. Alors, plut\u00f4t que de les garder \u00e9go\u00efstement, je pr\u00e9f\u00e8re les placer. Les plus proches de me c\u0153ur partent en g\u00e9n\u00e9ral chez des gens avec qui je suis en contact r\u00e9gulier pour les revoir et avoir constamment des nouvelles. Il y a \u00e9videmment des animaux dont je serais incapable de me s\u00e9parer, et ceux-l\u00e0 restent \u00e0 la maison, choy\u00e9s au maximum. Il m&rsquo;arrive de le pratiquer sur des animaux plus jeunes, par exemple ceux que j&rsquo;ai laiss\u00e9 grandir mais que je d\u00e9cide de ne finalement pas reproduire et avec qui je n&rsquo;ai pas d&rsquo;affinit\u00e9 particuli\u00e8re (\u00e7a arrive, \u00e9videmment, et autant qu&rsquo;ils fassent eux-aussi le bonheur d&rsquo;une famille). Je suis aussi exigeante pour l&rsquo;adoption d&rsquo;un hamster adulte que pour un jeune, si pas plus.<\/p>\n\n\n\n<p><strong>Je choisis toujours les adoptants avec soin<\/strong>, mes b\u00e9b\u00e9s ne sont pas \u00ab\u00a0vendus comme au march\u00e9\u00a0\u00bb, j&rsquo;aime parler avec les gens avant, en particulier ceux qui n&rsquo;ont jamais eu de hamster. Je n&rsquo;ai jamais h\u00e9sit\u00e9 \u00e0 refuser une adoption si cela ne me semble pas correct, je pr\u00e9f\u00e8re de loin que l&rsquo;animal reste chez moi plut\u00f4t que de partir dans de mauvaises mains. De plus, avec les expos, je trouve toujours des adoptants tr\u00e8s chouettes. Le but est de promouvoir l&rsquo;adoption responsable, et non la vente \u00e0 tout prix. Je <strong>r\u00e9cup\u00e8re<\/strong> toujours volontiers<strong> les animaux n\u00e9s chez moi<\/strong> qui doivent \u00eatre replac\u00e9s, peu importe les raisons, et je leur trouverai moi-m\u00eame une nouvelle famille.<\/p>\n\n\n\n<p>Je place avec joie mes <strong>animaux pour l&rsquo;\u00e9levage<\/strong>, tant que l&rsquo;\u00e9leveur est s\u00e9rieux et a un bon projet. Pour un \u00e9leveur d\u00e9butant, je suivrai volontiers son projet, et donnerai les conseils n\u00e9cessaires. Si je refuse une adoption pour repro, c&rsquo;est que le projet ne me semble pas bon, ou pas en accord avec mon \u00e9thique d&rsquo;\u00e9levage.<\/p>\n\n\n\n<p>Nous respectons la charte d&rsquo;\u00e9levage du Hamsters Club Francophone.  <a href=\"https:\/\/www.hamstersclubfrancophone.fr\/2020\/10\/01\/charte-de-leleveur\/\">Plus d&rsquo;infos ici<\/a>. <\/p>\n\n\n\n<div class=\"wp-block-image\"><figure class=\"aligncenter size-medium\"><img loading=\"lazy\" width=\"300\" height=\"300\" src=\"http:\/\/noshamsters.be\/stardust\/wp-content\/uploads\/2015\/09\/10390205_10206278282332261_2487864648729817111_n-300x300.jpg\" alt=\"\" class=\"wp-image-7271\" srcset=\"http:\/\/noshamsters.be\/stardust\/wp-content\/uploads\/2015\/09\/10390205_10206278282332261_2487864648729817111_n-300x300.jpg 300w, http:\/\/noshamsters.be\/stardust\/wp-content\/uploads\/2015\/09\/10390205_10206278282332261_2487864648729817111_n-150x150.jpg 150w, http:\/\/noshamsters.be\/stardust\/wp-content\/uploads\/2015\/09\/10390205_10206278282332261_2487864648729817111_n-768x768.jpg 768w, http:\/\/noshamsters.be\/stardust\/wp-content\/uploads\/2015\/09\/10390205_10206278282332261_2487864648729817111_n.jpg 960w\" sizes=\"(max-width: 300px) 100vw, 300px\" \/><\/figure><\/div>\n\n\n\n<p><\/p>\n","protected":false},"excerpt":{"rendered":"<p>J&rsquo;ai commenc\u00e9 \u00e0 \u00e9lev\u00e9 du hamster en 2003, sous le nom Hamst\u00e9rix. Assez vite, j&rsquo;ai \u00e9t\u00e9 prise par la folie des expos et des shows, j&rsquo;ai donc commenc\u00e9 \u00e0 travailler mes lign\u00e9es dans l&rsquo;optique d&rsquo;am\u00e9liorer le physique, vers le standard. L&rsquo;\u00e9levage a chang\u00e9 de nom quelques ann\u00e9es plus tard, quand j&rsquo;ai commenc\u00e9 \u00e0 me diversifier<br \/><a class=\"moretag\" href=\"http:\/\/noshamsters.be\/stardust\/?page_id=9157\">+ Lire Plus<\/a><\/p>\n","protected":false},"author":1,"featured_media":0,"parent":0,"menu_order":0,"comment_status":"closed","ping_status":"closed","template":"","meta":{"ngg_post_thumbnail":0},"_links":{"self":[{"href":"http:\/\/noshamsters.be\/stardust\/index.php?rest_route=\/wp\/v2\/pages\/9157"}],"collection":[{"href":"http:\/\/noshamsters.be\/stardust\/index.php?rest_route=\/wp\/v2\/pages"}],"about":[{"href":"http:\/\/noshamsters.be\/stardust\/index.php?rest_route=\/wp\/v2\/types\/page"}],"author":[{"embeddable":true,"href":"http:\/\/noshamsters.be\/stardust\/index.php?rest_route=\/wp\/v2\/users\/1"}],"replies":[{"embeddable":true,"href":"http:\/\/noshamsters.be\/stardust\/index.php?rest_route=%2Fwp%2Fv2%2Fcomments&post=9157"}],"version-history":[{"count":2,"href":"http:\/\/noshamsters.be\/stardust\/index.php?rest_route=\/wp\/v2\/pages\/9157\/revisions"}],"predecessor-version":[{"id":11379,"href":"http:\/\/noshamsters.be\/stardust\/index.php?rest_route=\/wp\/v2\/pages\/9157\/revisions\/11379"}],"wp:attachment":[{"href":"http:\/\/noshamsters.be\/stardust\/index.php?rest_route=%2Fwp%2Fv2%2Fmedia&parent=9157"}],"curies":[{"name":"wp","href":"https:\/\/api.w.org\/{rel}","templated":true}]}}