{"id":9163,"date":"2020-01-31T21:15:28","date_gmt":"2020-01-31T20:15:28","guid":{"rendered":"http:\/\/noshamsters.be\/stardust\/?page_id=9163"},"modified":"2020-01-31T21:16:51","modified_gmt":"2020-01-31T20:16:51","slug":"informations-sur-les-hamsters","status":"publish","type":"page","link":"http:\/\/noshamsters.be\/stardust\/?page_id=9163","title":{"rendered":"Informations sur les hamsters"},"content":{"rendered":"\n<p>Voici quelques vid\u00e9os int\u00e9ressantes et g\u00e9n\u00e9rales sur le hamster, son adoption, ses besoins&#8230; Plus bas, retrouvez les articles informatifs. <\/p>\n\n\n\n<figure class=\"wp-block-embed-youtube wp-block-embed is-type-video is-provider-youtube wp-embed-aspect-16-9 wp-has-aspect-ratio\"><div class=\"wp-block-embed__wrapper\">\n<iframe loading=\"lazy\" title=\"Adopter un hamster : ce qu&#039;il faut savoir\" width=\"500\" height=\"281\" src=\"https:\/\/www.youtube.com\/embed\/geTXcByJnBg?feature=oembed\" frameborder=\"0\" allow=\"accelerometer; autoplay; clipboard-write; encrypted-media; gyroscope; picture-in-picture\" allowfullscreen><\/iframe>\n<\/div><\/figure>\n\n\n\n<figure class=\"wp-block-embed-youtube wp-block-embed is-type-video is-provider-youtube wp-embed-aspect-16-9 wp-has-aspect-ratio\"><div class=\"wp-block-embed__wrapper\">\n<iframe loading=\"lazy\" title=\"L&#039;EQUIPEMENT de base du HAMSTER\" width=\"500\" height=\"281\" src=\"https:\/\/www.youtube.com\/embed\/PAMLnOSvPwQ?feature=oembed\" frameborder=\"0\" allow=\"accelerometer; autoplay; clipboard-write; encrypted-media; gyroscope; picture-in-picture\" allowfullscreen><\/iframe>\n<\/div><\/figure>\n\n\n\n<p><\/p>\n\n\n\n<p class=\"has-text-align-left\"><strong>A lire \u00e9galement<\/strong><\/p>\n\n\n\n<ul><li><a href=\"http:\/\/noshamsters.be\/stardust\/?p=3443\">Pourquoi adopter en \u00e9levage?<\/a><\/li><li><a href=\"http:\/\/noshamsters.be\/stardust\/?p=3440\">Pourquoi \u00e9viter les animaleries?<\/a><\/li><li><a href=\"http:\/\/noshamsters.be\/stardust\/?p=3437\">Le hamster vous convient-il?<\/a><\/li><\/ul>\n","protected":false},"excerpt":{"rendered":"<p>Voici quelques vid\u00e9os int\u00e9ressantes et g\u00e9n\u00e9rales sur le hamster, son adoption, ses besoins&#8230; Plus bas, retrouvez les articles informatifs. A lire \u00e9galement Pourquoi adopter en \u00e9levage? Pourquoi \u00e9viter les animaleries? Le hamster vous convient-il?<\/p>\n","protected":false},"author":1,"featured_media":0,"parent":0,"menu_order":0,"comment_status":"closed","ping_status":"closed","template":"","meta":{"ngg_post_thumbnail":0},"_links":{"self":[{"href":"http:\/\/noshamsters.be\/stardust\/index.php?rest_route=\/wp\/v2\/pages\/9163"}],"collection":[{"href":"http:\/\/noshamsters.be\/stardust\/index.php?rest_route=\/wp\/v2\/pages"}],"about":[{"href":"http:\/\/noshamsters.be\/stardust\/index.php?rest_route=\/wp\/v2\/types\/page"}],"author":[{"embeddable":true,"href":"http:\/\/noshamsters.be\/stardust\/index.php?rest_route=\/wp\/v2\/users\/1"}],"replies":[{"embeddable":true,"href":"http:\/\/noshamsters.be\/stardust\/index.php?rest_route=%2Fwp%2Fv2%2Fcomments&post=9163"}],"version-history":[{"count":2,"href":"http:\/\/noshamsters.be\/stardust\/index.php?rest_route=\/wp\/v2\/pages\/9163\/revisions"}],"predecessor-version":[{"id":9167,"href":"http:\/\/noshamsters.be\/stardust\/index.php?rest_route=\/wp\/v2\/pages\/9163\/revisions\/9167"}],"wp:attachment":[{"href":"http:\/\/noshamsters.be\/stardust\/index.php?rest_route=%2Fwp%2Fv2%2Fmedia&parent=9163"}],"curies":[{"name":"wp","href":"https:\/\/api.w.org\/{rel}","templated":true}]}}