{"id":1225,"date":"2012-08-27T22:35:13","date_gmt":"2012-08-27T20:35:13","guid":{"rendered":"http:\/\/noshamsters.be\/hamsteropedia\/?page_id=1225"},"modified":"2020-10-02T10:58:18","modified_gmt":"2020-10-02T08:58:18","slug":"syriens-marquages","status":"publish","type":"page","link":"https:\/\/noshamsters.be\/hamsteropedia\/?page_id=1225","title":{"rendered":"[Syriens] Marquages et divers"},"content":{"rendered":"\n<p>Le marquage est un \u00ab\u00a0sch\u00e9ma\u00a0\u00bb qui recouvre la couleur de base, laissant voir celle-ci par endroits, ou la modifiant. Un animal a toujours une couleur d\u00e9termin\u00e9e. Il peut \u00eatre sans marquage (on dit alors qu&rsquo;il est self, ou uni), ou avoir un marquage, ou en cumuler plusieurs.<\/p>\n\n\n\n<p>J&rsquo;ai ajout\u00e9 ce qui n&rsquo;avait sa place ni dans les couleurs, ni dans les marquages, \u00e0 savoir extreme dilute (dilution) et Umbrous (ticking fonc\u00e9).<\/p>\n\n\n\n<div class=\"wp-block-media-text alignwide is-stacked-on-mobile\"><figure class=\"wp-block-media-text__media\"><img loading=\"lazy\" width=\"640\" height=\"480\" src=\"http:\/\/noshamsters.be\/hamsteropedia\/wp-content\/uploads\/2012\/02\/EDT_EDT_DSCF0057.jpg\" alt=\"\" class=\"wp-image-745\" srcset=\"https:\/\/noshamsters.be\/hamsteropedia\/wp-content\/uploads\/2012\/02\/EDT_EDT_DSCF0057.jpg 640w, https:\/\/noshamsters.be\/hamsteropedia\/wp-content\/uploads\/2012\/02\/EDT_EDT_DSCF0057-300x225.jpg 300w\" sizes=\"(max-width: 640px) 100vw, 640px\" \/><\/figure><div class=\"wp-block-media-text__content\">\n<p><strong><a href=\"http:\/\/noshamsters.be\/hamsteropedia\/?p=744\">Ecaille de tortue<\/a>&nbsp;To\/to<\/strong><\/p>\n\n\n\n<p><a href=\"http:\/\/noshamsters.be\/hamsteropedia\/?p=744\">Lire la suite&#8230;<\/a><\/p>\n<\/div><\/div>\n\n\n\n<div class=\"wp-block-media-text alignwide is-stacked-on-mobile\"><figure class=\"wp-block-media-text__media\"><img loading=\"lazy\" width=\"1024\" height=\"733\" src=\"http:\/\/noshamsters.be\/hamsteropedia\/wp-content\/uploads\/2012\/01\/DSC08410-copy-copy-1024x733.jpg\" alt=\"\" class=\"wp-image-2034\" srcset=\"https:\/\/noshamsters.be\/hamsteropedia\/wp-content\/uploads\/2012\/01\/DSC08410-copy-copy-1024x733.jpg 1024w, https:\/\/noshamsters.be\/hamsteropedia\/wp-content\/uploads\/2012\/01\/DSC08410-copy-copy-300x215.jpg 300w, https:\/\/noshamsters.be\/hamsteropedia\/wp-content\/uploads\/2012\/01\/DSC08410-copy-copy-768x550.jpg 768w, https:\/\/noshamsters.be\/hamsteropedia\/wp-content\/uploads\/2012\/01\/DSC08410-copy-copy-350x250.jpg 350w, https:\/\/noshamsters.be\/hamsteropedia\/wp-content\/uploads\/2012\/01\/DSC08410-copy-copy-750x537.jpg 750w, https:\/\/noshamsters.be\/hamsteropedia\/wp-content\/uploads\/2012\/01\/DSC08410-copy-copy-400x286.jpg 400w, https:\/\/noshamsters.be\/hamsteropedia\/wp-content\/uploads\/2012\/01\/DSC08410-copy-copy-430x308.jpg 430w, https:\/\/noshamsters.be\/hamsteropedia\/wp-content\/uploads\/2012\/01\/DSC08410-copy-copy-150x107.jpg 150w, https:\/\/noshamsters.be\/hamsteropedia\/wp-content\/uploads\/2012\/01\/DSC08410-copy-copy-100x72.jpg 100w, https:\/\/noshamsters.be\/hamsteropedia\/wp-content\/uploads\/2012\/01\/DSC08410-copy-copy.jpg 1500w\" sizes=\"(max-width: 1024px) 100vw, 1024px\" \/><\/figure><div class=\"wp-block-media-text__content\">\n<p><strong><a href=\"http:\/\/noshamsters.be\/hamsteropedia\/?p=752\">Tricolore&nbsp;<\/a>To\/to Ba\/-<\/strong><\/p>\n\n\n\n<p><a href=\"http:\/\/noshamsters.be\/hamsteropedia\/?p=752\">Lire la suite&#8230;<\/a><\/p>\n<\/div><\/div>\n\n\n\n<div class=\"wp-block-media-text alignwide is-stacked-on-mobile\"><figure class=\"wp-block-media-text__media\"><img loading=\"lazy\" width=\"800\" height=\"600\" src=\"http:\/\/noshamsters.be\/hamsteropedia\/wp-content\/uploads\/2012\/02\/bandeblanche_bandeblanche_candy.jpg\" alt=\"\" class=\"wp-image-721\" srcset=\"https:\/\/noshamsters.be\/hamsteropedia\/wp-content\/uploads\/2012\/02\/bandeblanche_bandeblanche_candy.jpg 800w, https:\/\/noshamsters.be\/hamsteropedia\/wp-content\/uploads\/2012\/02\/bandeblanche_bandeblanche_candy-300x225.jpg 300w\" sizes=\"(max-width: 800px) 100vw, 800px\" \/><\/figure><div class=\"wp-block-media-text__content\">\n<p><strong><a href=\"http:\/\/noshamsters.be\/hamsteropedia\/?p=719\">Bande blanche<\/a>&nbsp;Ba\/-<\/strong><\/p>\n\n\n\n<p><a href=\"http:\/\/noshamsters.be\/hamsteropedia\/?p=719\">Lire la suite&#8230;<\/a><\/p>\n<\/div><\/div>\n\n\n\n<div class=\"wp-block-media-text alignwide is-stacked-on-mobile\"><figure class=\"wp-block-media-text__media\"><img loading=\"lazy\" width=\"800\" height=\"600\" src=\"http:\/\/noshamsters.be\/hamsteropedia\/wp-content\/uploads\/2012\/02\/dalmatien_dalmatien_DSCN3225.jpg\" alt=\"\" class=\"wp-image-740\" srcset=\"https:\/\/noshamsters.be\/hamsteropedia\/wp-content\/uploads\/2012\/02\/dalmatien_dalmatien_DSCN3225.jpg 800w, https:\/\/noshamsters.be\/hamsteropedia\/wp-content\/uploads\/2012\/02\/dalmatien_dalmatien_DSCN3225-300x225.jpg 300w\" sizes=\"(max-width: 800px) 100vw, 800px\" \/><\/figure><div class=\"wp-block-media-text__content\">\n<p><strong><a href=\"http:\/\/noshamsters.be\/hamsteropedia\/?p=733\">Dominant spot<\/a> Ds\/ds<\/strong><\/p>\n\n\n\n<p><a href=\"http:\/\/noshamsters.be\/hamsteropedia\/?p=733\">Lire la suite&#8230;<\/a><\/p>\n<\/div><\/div>\n\n\n\n<div class=\"wp-block-media-text alignwide is-stacked-on-mobile\"><figure class=\"wp-block-media-text__media\"><img loading=\"lazy\" width=\"1024\" height=\"683\" src=\"http:\/\/noshamsters.be\/hamsteropedia\/wp-content\/uploads\/2020\/10\/90440289_3392093477473496_7035973861908676608_o-1024x683.jpg\" alt=\"\" class=\"wp-image-4533\" srcset=\"https:\/\/noshamsters.be\/hamsteropedia\/wp-content\/uploads\/2020\/10\/90440289_3392093477473496_7035973861908676608_o-1024x683.jpg 1024w, https:\/\/noshamsters.be\/hamsteropedia\/wp-content\/uploads\/2020\/10\/90440289_3392093477473496_7035973861908676608_o-300x200.jpg 300w, https:\/\/noshamsters.be\/hamsteropedia\/wp-content\/uploads\/2020\/10\/90440289_3392093477473496_7035973861908676608_o-768x512.jpg 768w, https:\/\/noshamsters.be\/hamsteropedia\/wp-content\/uploads\/2020\/10\/90440289_3392093477473496_7035973861908676608_o-1536x1025.jpg 1536w, https:\/\/noshamsters.be\/hamsteropedia\/wp-content\/uploads\/2020\/10\/90440289_3392093477473496_7035973861908676608_o-150x100.jpg 150w, https:\/\/noshamsters.be\/hamsteropedia\/wp-content\/uploads\/2020\/10\/90440289_3392093477473496_7035973861908676608_o.jpg 1686w\" sizes=\"(max-width: 1024px) 100vw, 1024px\" \/><\/figure><div class=\"wp-block-media-text__content\">\n<p><strong><a href=\"http:\/\/noshamsters.be\/hamsteropedia\/?p=763\">Rouan&nbsp;<\/a>e\/e Wh\/wh<\/strong><\/p>\n\n\n\n<p><a href=\"http:\/\/noshamsters.be\/hamsteropedia\/?p=763\">Lire la suite&#8230;<\/a><\/p>\n<\/div><\/div>\n\n\n\n<div class=\"wp-block-media-text alignwide is-stacked-on-mobile\"><figure class=\"wp-block-media-text__media\"><img loading=\"lazy\" width=\"800\" height=\"600\" src=\"http:\/\/noshamsters.be\/hamsteropedia\/wp-content\/uploads\/2012\/02\/ventreblanc_WH_DSCN3437.jpg\" alt=\"\" class=\"wp-image-770\" srcset=\"https:\/\/noshamsters.be\/hamsteropedia\/wp-content\/uploads\/2012\/02\/ventreblanc_WH_DSCN3437.jpg 800w, https:\/\/noshamsters.be\/hamsteropedia\/wp-content\/uploads\/2012\/02\/ventreblanc_WH_DSCN3437-300x225.jpg 300w\" sizes=\"(max-width: 800px) 100vw, 800px\" \/><\/figure><div class=\"wp-block-media-text__content\">\n<p><strong><a href=\"http:\/\/noshamsters.be\/hamsteropedia\/?p=768\">White Bellied (Ventre blanc)<\/a>&nbsp;Wh\/wh<\/strong><\/p>\n\n\n\n<p><a href=\"http:\/\/noshamsters.be\/hamsteropedia\/?p=768\">Lire la suite&#8230;<\/a><\/p>\n<\/div><\/div>\n\n\n\n<div class=\"wp-block-media-text alignwide is-stacked-on-mobile\"><figure class=\"wp-block-media-text__media\"><img loading=\"lazy\" width=\"216\" height=\"162\" src=\"http:\/\/noshamsters.be\/hamsteropedia\/wp-content\/uploads\/2012\/02\/gal_dap_tashi.jpg\" alt=\"\" class=\"wp-image-775\"\/><\/figure><div class=\"wp-block-media-text__content\">\n<p><strong><a href=\"http:\/\/noshamsters.be\/hamsteropedia\/?p=773\">Recessive Dappeld (tachet\u00e9 r\u00e9cessif)<\/a> rd\/rd<\/strong><\/p>\n\n\n\n<p><a href=\"http:\/\/noshamsters.be\/hamsteropedia\/?p=773\">Lire la suite&#8230;<\/a><\/p>\n<\/div><\/div>\n\n\n\n<div class=\"wp-block-media-text alignwide is-stacked-on-mobile\"><figure class=\"wp-block-media-text__media\"><img loading=\"lazy\" width=\"216\" height=\"128\" src=\"http:\/\/noshamsters.be\/hamsteropedia\/wp-content\/uploads\/2012\/02\/gal_dil_purity2.jpg\" alt=\"\" class=\"wp-image-782\"\/><\/figure><div class=\"wp-block-media-text__content\">\n<p><strong><a href=\"http:\/\/noshamsters.be\/hamsteropedia\/?p=777\">Extreme Dilute<\/a> c(e)\/c(e)<\/strong><\/p>\n\n\n\n<p><a href=\"http:\/\/noshamsters.be\/hamsteropedia\/?p=777\">Lire la suite&#8230;<\/a><\/p>\n<\/div><\/div>\n\n\n\n<div class=\"wp-block-media-text alignwide is-stacked-on-mobile\"><figure class=\"wp-block-media-text__media\"><img loading=\"lazy\" width=\"1024\" height=\"717\" src=\"http:\/\/noshamsters.be\/hamsteropedia\/wp-content\/uploads\/2012\/02\/DSC01990-copy-1024x717.jpg\" alt=\"\" class=\"wp-image-786\" srcset=\"https:\/\/noshamsters.be\/hamsteropedia\/wp-content\/uploads\/2012\/02\/DSC01990-copy-1024x717.jpg 1024w, https:\/\/noshamsters.be\/hamsteropedia\/wp-content\/uploads\/2012\/02\/DSC01990-copy-300x210.jpg 300w, https:\/\/noshamsters.be\/hamsteropedia\/wp-content\/uploads\/2012\/02\/DSC01990-copy.jpg 1500w\" sizes=\"(max-width: 1024px) 100vw, 1024px\" \/><\/figure><div class=\"wp-block-media-text__content\">\n<p><strong><a href=\"http:\/\/noshamsters.be\/hamsteropedia\/?p=785\">White Sprinkled<\/a>&nbsp;bs\/bs<\/strong><\/p>\n\n\n\n<p><a href=\"http:\/\/noshamsters.be\/hamsteropedia\/?p=785\">Lire la suite&#8230;<\/a><\/p>\n<\/div><\/div>\n\n\n\n<div class=\"wp-block-media-text alignwide is-stacked-on-mobile\"><figure class=\"wp-block-media-text__media\"><img loading=\"lazy\" width=\"1024\" height=\"733\" src=\"http:\/\/noshamsters.be\/hamsteropedia\/wp-content\/uploads\/2012\/02\/DSC00359-copy-1024x733.jpg\" alt=\"\" class=\"wp-image-787\" srcset=\"https:\/\/noshamsters.be\/hamsteropedia\/wp-content\/uploads\/2012\/02\/DSC00359-copy-1024x733.jpg 1024w, https:\/\/noshamsters.be\/hamsteropedia\/wp-content\/uploads\/2012\/02\/DSC00359-copy-300x214.jpg 300w, https:\/\/noshamsters.be\/hamsteropedia\/wp-content\/uploads\/2012\/02\/DSC00359-copy.jpg 1500w\" sizes=\"(max-width: 1024px) 100vw, 1024px\" \/><\/figure><div class=\"wp-block-media-text__content\">\n<p><strong><a href=\"http:\/\/noshamsters.be\/hamsteropedia\/?p=785\">Polywhite&nbsp;<\/a>(nominant spot) bs\/bs Ds\/ds<\/strong><\/p>\n\n\n\n<p><a href=\"http:\/\/noshamsters.be\/hamsteropedia\/?p=785\">Lire la suite&#8230;<\/a><\/p>\n<\/div><\/div>\n\n\n\n<div class=\"wp-block-media-text alignwide is-stacked-on-mobile\"><figure class=\"wp-block-media-text__media\"><img loading=\"lazy\" width=\"1024\" height=\"662\" src=\"http:\/\/noshamsters.be\/hamsteropedia\/wp-content\/uploads\/2012\/01\/DSC09094-copy-1024x662.jpg\" alt=\"\" class=\"wp-image-2104\" srcset=\"https:\/\/noshamsters.be\/hamsteropedia\/wp-content\/uploads\/2012\/01\/DSC09094-copy-1024x662.jpg 1024w, https:\/\/noshamsters.be\/hamsteropedia\/wp-content\/uploads\/2012\/01\/DSC09094-copy-300x194.jpg 300w, https:\/\/noshamsters.be\/hamsteropedia\/wp-content\/uploads\/2012\/01\/DSC09094-copy-768x496.jpg 768w, https:\/\/noshamsters.be\/hamsteropedia\/wp-content\/uploads\/2012\/01\/DSC09094-copy-750x485.jpg 750w, https:\/\/noshamsters.be\/hamsteropedia\/wp-content\/uploads\/2012\/01\/DSC09094-copy-400x258.jpg 400w, https:\/\/noshamsters.be\/hamsteropedia\/wp-content\/uploads\/2012\/01\/DSC09094-copy-430x278.jpg 430w, https:\/\/noshamsters.be\/hamsteropedia\/wp-content\/uploads\/2012\/01\/DSC09094-copy-150x97.jpg 150w, https:\/\/noshamsters.be\/hamsteropedia\/wp-content\/uploads\/2012\/01\/DSC09094-copy-100x65.jpg 100w, https:\/\/noshamsters.be\/hamsteropedia\/wp-content\/uploads\/2012\/01\/DSC09094-copy.jpg 1500w\" sizes=\"(max-width: 1024px) 100vw, 1024px\" \/><\/figure><div class=\"wp-block-media-text__content\">\n<p><strong><a href=\"http:\/\/noshamsters.be\/hamsteropedia\/?p=792\">Umbrous&nbsp;<\/a>U\/-<\/strong><\/p>\n\n\n\n<p><a href=\"http:\/\/noshamsters.be\/hamsteropedia\/?p=792\">Lire la suite&#8230;<\/a><\/p>\n<\/div><\/div>\n","protected":false},"excerpt":{"rendered":"<p>Le marquage est un \u00ab\u00a0sch\u00e9ma\u00a0\u00bb qui recouvre la couleur de base, laissant voir celle-ci par endroits, ou la modifiant. Un animal a toujours une couleur d\u00e9termin\u00e9e. Il peut \u00eatre sans marquage (on dit alors qu&rsquo;il est self, ou uni), ou avoir un marquage, ou en cumuler plusieurs. J&rsquo;ai ajout\u00e9 ce\u2026<\/p>\n<p> <a class=\"continue-reading-link\" href=\"https:\/\/noshamsters.be\/hamsteropedia\/?page_id=1225\"><span>Lire la suite<\/span><i class=\"crycon-right-dir\"><\/i><\/a> <\/p>\n","protected":false},"author":1,"featured_media":0,"parent":609,"menu_order":5,"comment_status":"closed","ping_status":"open","template":"","meta":{"ngg_post_thumbnail":0},"_links":{"self":[{"href":"https:\/\/noshamsters.be\/hamsteropedia\/index.php?rest_route=\/wp\/v2\/pages\/1225"}],"collection":[{"href":"https:\/\/noshamsters.be\/hamsteropedia\/index.php?rest_route=\/wp\/v2\/pages"}],"about":[{"href":"https:\/\/noshamsters.be\/hamsteropedia\/index.php?rest_route=\/wp\/v2\/types\/page"}],"author":[{"embeddable":true,"href":"https:\/\/noshamsters.be\/hamsteropedia\/index.php?rest_route=\/wp\/v2\/users\/1"}],"replies":[{"embeddable":true,"href":"https:\/\/noshamsters.be\/hamsteropedia\/index.php?rest_route=%2Fwp%2Fv2%2Fcomments&post=1225"}],"version-history":[{"count":13,"href":"https:\/\/noshamsters.be\/hamsteropedia\/index.php?rest_route=\/wp\/v2\/pages\/1225\/revisions"}],"predecessor-version":[{"id":4535,"href":"https:\/\/noshamsters.be\/hamsteropedia\/index.php?rest_route=\/wp\/v2\/pages\/1225\/revisions\/4535"}],"up":[{"embeddable":true,"href":"https:\/\/noshamsters.be\/hamsteropedia\/index.php?rest_route=\/wp\/v2\/pages\/609"}],"wp:attachment":[{"href":"https:\/\/noshamsters.be\/hamsteropedia\/index.php?rest_route=%2Fwp%2Fv2%2Fmedia&parent=1225"}],"curies":[{"name":"wp","href":"https:\/\/api.w.org\/{rel}","templated":true}]}}