{"id":1247,"date":"2012-08-28T09:27:23","date_gmt":"2012-08-28T07:27:23","guid":{"rendered":"http:\/\/noshamsters.be\/hamsteropedia\/?page_id=1247"},"modified":"2020-10-02T13:38:53","modified_gmt":"2020-10-02T11:38:53","slug":"russe-marquages","status":"publish","type":"page","link":"https:\/\/noshamsters.be\/hamsteropedia\/?page_id=1247","title":{"rendered":"[Russe] Marquages"},"content":{"rendered":"\n<p><strong>Le marquage est un \u00ab&nbsp;sch\u00e9ma&nbsp;\u00bb qui recouvre la couleur de base, laissant voir celle-ci par endroits, ou la modifiant.<\/strong> Un animal a toujours une couleur d\u00e9termin\u00e9e. Il peut \u00eatre sans marquage (on dit alors qu\u2019il est self, ou uni), ou avoir un marquage, ou en cumuler plusieurs.<\/p>\n\n\n\n<p><strong>Le marquage perle est consid\u00e9r\u00e9 comme une mutation pure<\/strong>, elle n&rsquo;existe pas chez le campbell.<\/p>\n\n\n\n<p>Le merle semble \u00eatre apparu dans des lign\u00e9es de russes purs, mais tout comme le tachet\u00e9 et le r\u00e9cessive dappled, il est sujet \u00e0 controverse.<\/p>\n\n\n\n<p>L&rsquo;imp\u00e9rial est un marquage qui existe \u00e0 l&rsquo;\u00e9tat sauvage (pur donc) mais tr\u00e8s peu voire inexistant en captivit\u00e9.<\/p>\n\n\n\n<p>L&rsquo;umbrous n&rsquo;est pas un marquage \u00e0 proprement parler, il s&rsquo;agit en fait d&rsquo;un ticking tr\u00e8s fonc\u00e9 sur tout le corps, ce qui donne une couleur globalement plus fonc\u00e9e.\u00a0<\/p>\n\n\n\n<div class=\"wp-block-media-text alignwide is-stacked-on-mobile has-background\" style=\"background:linear-gradient(135deg,rgba(203,248,129,0.37) 0%,rgba(114,207,127,0) 100%)\"><figure class=\"wp-block-media-text__media\"><img loading=\"lazy\" width=\"1024\" height=\"683\" src=\"http:\/\/noshamsters.be\/hamsteropedia\/wp-content\/uploads\/2018\/03\/DSC09832-copy-copy-1024x683.jpg\" alt=\"\" class=\"wp-image-2545\" srcset=\"https:\/\/noshamsters.be\/hamsteropedia\/wp-content\/uploads\/2018\/03\/DSC09832-copy-copy-1024x683.jpg 1024w, https:\/\/noshamsters.be\/hamsteropedia\/wp-content\/uploads\/2018\/03\/DSC09832-copy-copy-300x200.jpg 300w, https:\/\/noshamsters.be\/hamsteropedia\/wp-content\/uploads\/2018\/03\/DSC09832-copy-copy-768x512.jpg 768w, https:\/\/noshamsters.be\/hamsteropedia\/wp-content\/uploads\/2018\/03\/DSC09832-copy-copy-150x100.jpg 150w, https:\/\/noshamsters.be\/hamsteropedia\/wp-content\/uploads\/2018\/03\/DSC09832-copy-copy.jpg 1500w\" sizes=\"(max-width: 1024px) 100vw, 1024px\" \/><\/figure><div class=\"wp-block-media-text__content\">\n<p><a href=\"http:\/\/noshamsters.be\/hamsteropedia\/?p=1008\"><strong>Perle<\/strong> <\/a>Pe\/pe<\/p>\n\n\n\n<p><a href=\"http:\/\/noshamsters.be\/hamsteropedia\/?p=1008\">Lire la suite&#8230;<\/a><\/p>\n<\/div><\/div>\n\n\n\n<div class=\"wp-block-media-text alignwide is-stacked-on-mobile\"><figure class=\"wp-block-media-text__media\"><img loading=\"lazy\" width=\"1024\" height=\"706\" src=\"http:\/\/noshamsters.be\/hamsteropedia\/wp-content\/uploads\/2012\/03\/DSC01387-copy-1024x706.jpg\" alt=\"\" class=\"wp-image-1251\" srcset=\"https:\/\/noshamsters.be\/hamsteropedia\/wp-content\/uploads\/2012\/03\/DSC01387-copy-1024x706.jpg 1024w, https:\/\/noshamsters.be\/hamsteropedia\/wp-content\/uploads\/2012\/03\/DSC01387-copy-300x207.jpg 300w, https:\/\/noshamsters.be\/hamsteropedia\/wp-content\/uploads\/2012\/03\/DSC01387-copy.jpg 1500w\" sizes=\"(max-width: 1024px) 100vw, 1024px\" \/><\/figure><div class=\"wp-block-media-text__content\">\n<p><a href=\"http:\/\/noshamsters.be\/hamsteropedia\/?p=1020\"><strong>Merle<\/strong> <\/a>Me\/-<\/p>\n\n\n\n<p><a href=\"http:\/\/noshamsters.be\/hamsteropedia\/?p=1020\">Lire la suite&#8230;<\/a><\/p>\n<\/div><\/div>\n\n\n\n<div class=\"wp-block-media-text alignwide is-stacked-on-mobile\"><figure class=\"wp-block-media-text__media\"><img loading=\"lazy\" width=\"600\" height=\"450\" src=\"http:\/\/noshamsters.be\/hamsteropedia\/wp-content\/uploads\/2012\/03\/wildvang-imperial.jpg\" alt=\"\" class=\"wp-image-1029\" srcset=\"https:\/\/noshamsters.be\/hamsteropedia\/wp-content\/uploads\/2012\/03\/wildvang-imperial.jpg 600w, https:\/\/noshamsters.be\/hamsteropedia\/wp-content\/uploads\/2012\/03\/wildvang-imperial-300x225.jpg 300w\" sizes=\"(max-width: 600px) 100vw, 600px\" \/><\/figure><div class=\"wp-block-media-text__content\">\n<p><strong><a href=\"http:\/\/noshamsters.be\/hamsteropedia\/?p=1028\">Imp\u00e9rial <\/a>Wh\/wh<\/strong><\/p>\n\n\n\n<p><a href=\"http:\/\/noshamsters.be\/hamsteropedia\/?p=1028\">Lire la suite&#8230;<\/a><\/p>\n<\/div><\/div>\n\n\n\n<div class=\"wp-block-media-text alignwide is-stacked-on-mobile\"><figure class=\"wp-block-media-text__media\"><img loading=\"lazy\" width=\"600\" height=\"450\" src=\"http:\/\/noshamsters.be\/hamsteropedia\/wp-content\/uploads\/2012\/03\/gevlekt.jpg\" alt=\"\" class=\"wp-image-1036\" srcset=\"https:\/\/noshamsters.be\/hamsteropedia\/wp-content\/uploads\/2012\/03\/gevlekt.jpg 600w, https:\/\/noshamsters.be\/hamsteropedia\/wp-content\/uploads\/2012\/03\/gevlekt-300x225.jpg 300w\" sizes=\"(max-width: 600px) 100vw, 600px\" \/><\/figure><div class=\"wp-block-media-text__content\">\n<p><a href=\"http:\/\/noshamsters.be\/hamsteropedia\/?p=1035\"><strong>Tachet\u00e9<\/strong> <\/a>Mi\/mi<\/p>\n\n\n\n<p><a href=\"http:\/\/noshamsters.be\/hamsteropedia\/?p=1035\">Lire la suite&#8230;<\/a><\/p>\n<\/div><\/div>\n\n\n\n<div class=\"wp-block-media-text alignwide is-stacked-on-mobile\"><figure class=\"wp-block-media-text__media\"><img loading=\"lazy\" width=\"600\" height=\"450\" src=\"http:\/\/noshamsters.be\/hamsteropedia\/wp-content\/uploads\/2012\/03\/piebald.jpg\" alt=\"\" class=\"wp-image-1032\" srcset=\"https:\/\/noshamsters.be\/hamsteropedia\/wp-content\/uploads\/2012\/03\/piebald.jpg 600w, https:\/\/noshamsters.be\/hamsteropedia\/wp-content\/uploads\/2012\/03\/piebald-300x225.jpg 300w\" sizes=\"(max-width: 600px) 100vw, 600px\" \/><\/figure><div class=\"wp-block-media-text__content\">\n<p><a href=\"http:\/\/noshamsters.be\/hamsteropedia\/?p=1031\"><strong>Recessive Dappled<\/strong><\/a><\/p>\n\n\n\n<p><a href=\"http:\/\/noshamsters.be\/hamsteropedia\/?p=1031\">Lire la suite&#8230;<\/a><\/p>\n<\/div><\/div>\n\n\n\n<div class=\"wp-block-media-text alignwide is-stacked-on-mobile\"><figure class=\"wp-block-media-text__media\"><img loading=\"lazy\" width=\"600\" height=\"450\" src=\"http:\/\/noshamsters.be\/hamsteropedia\/wp-content\/uploads\/2012\/02\/umbrous.jpg\" alt=\"\" class=\"wp-image-955\" srcset=\"https:\/\/noshamsters.be\/hamsteropedia\/wp-content\/uploads\/2012\/02\/umbrous.jpg 600w, https:\/\/noshamsters.be\/hamsteropedia\/wp-content\/uploads\/2012\/02\/umbrous-300x225.jpg 300w\" sizes=\"(max-width: 600px) 100vw, 600px\" \/><\/figure><div class=\"wp-block-media-text__content\">\n<p><a href=\"http:\/\/noshamsters.be\/hamsteropedia\/?p=954\"><strong>Umbrous U\/-<\/strong><\/a><\/p>\n\n\n\n<p><a href=\"http:\/\/noshamsters.be\/hamsteropedia\/?p=954\">Lire la suite&#8230;<\/a><\/p>\n<\/div><\/div>\n","protected":false},"excerpt":{"rendered":"<p>Le marquage est un \u00ab&nbsp;sch\u00e9ma&nbsp;\u00bb qui recouvre la couleur de base, laissant voir celle-ci par endroits, ou la modifiant. Un animal a toujours une couleur d\u00e9termin\u00e9e. Il peut \u00eatre sans marquage (on dit alors qu\u2019il est self, ou uni), ou avoir un marquage, ou en cumuler plusieurs. Le marquage perle\u2026<\/p>\n<p> <a class=\"continue-reading-link\" href=\"https:\/\/noshamsters.be\/hamsteropedia\/?page_id=1247\"><span>Lire la suite<\/span><i class=\"crycon-right-dir\"><\/i><\/a> <\/p>\n","protected":false},"author":1,"featured_media":0,"parent":615,"menu_order":3,"comment_status":"closed","ping_status":"open","template":"","meta":{"ngg_post_thumbnail":0},"_links":{"self":[{"href":"https:\/\/noshamsters.be\/hamsteropedia\/index.php?rest_route=\/wp\/v2\/pages\/1247"}],"collection":[{"href":"https:\/\/noshamsters.be\/hamsteropedia\/index.php?rest_route=\/wp\/v2\/pages"}],"about":[{"href":"https:\/\/noshamsters.be\/hamsteropedia\/index.php?rest_route=\/wp\/v2\/types\/page"}],"author":[{"embeddable":true,"href":"https:\/\/noshamsters.be\/hamsteropedia\/index.php?rest_route=\/wp\/v2\/users\/1"}],"replies":[{"embeddable":true,"href":"https:\/\/noshamsters.be\/hamsteropedia\/index.php?rest_route=%2Fwp%2Fv2%2Fcomments&post=1247"}],"version-history":[{"count":4,"href":"https:\/\/noshamsters.be\/hamsteropedia\/index.php?rest_route=\/wp\/v2\/pages\/1247\/revisions"}],"predecessor-version":[{"id":4548,"href":"https:\/\/noshamsters.be\/hamsteropedia\/index.php?rest_route=\/wp\/v2\/pages\/1247\/revisions\/4548"}],"up":[{"embeddable":true,"href":"https:\/\/noshamsters.be\/hamsteropedia\/index.php?rest_route=\/wp\/v2\/pages\/615"}],"wp:attachment":[{"href":"https:\/\/noshamsters.be\/hamsteropedia\/index.php?rest_route=%2Fwp%2Fv2%2Fmedia&parent=1247"}],"curies":[{"name":"wp","href":"https:\/\/api.w.org\/{rel}","templated":true}]}}