{"id":2276,"date":"2017-07-20T13:59:58","date_gmt":"2017-07-20T11:59:58","guid":{"rendered":"http:\/\/noshamsters.be\/hamsteropedia\/?page_id=2276"},"modified":"2017-07-20T14:21:41","modified_gmt":"2017-07-20T12:21:41","slug":"plan-du-site","status":"publish","type":"page","link":"https:\/\/noshamsters.be\/hamsteropedia\/?page_id=2276","title":{"rendered":"Plan du site"},"content":{"rendered":"<h4 style=\"text-align: center;\">Pour naviguer plus rapidement, voici le plan du site.<\/h4>\n<p>[one_half]<\/p>\n<h2>GENERAL<\/h2>\n<h3>Adoption &amp; Choix<\/h3>\n<div class=\"menu-choix-et-adoption-container\"><ul id=\"menu-choix-et-adoption\" class=\"menu\"><li id=\"menu-item-1698\" class=\"menu-item menu-item-type-custom menu-item-object-custom menu-item-1698\"><a href=\"http:\/\/noshamsters.be\/hamsteropedia\/?p=61\">Le bon choix?<\/a><\/li>\n<li id=\"menu-item-1699\" class=\"menu-item menu-item-type-custom menu-item-object-custom menu-item-1699\"><a href=\"http:\/\/noshamsters.be\/hamsteropedia\/?p=1144\">Pourquoi \u00e9viter les animaleries?<\/a><\/li>\n<li id=\"menu-item-1701\" class=\"menu-item menu-item-type-custom menu-item-object-custom menu-item-1701\"><a href=\"http:\/\/noshamsters.be\/hamsteropedia\/?p=70\">O\u00f9 le trouver et comment le choisir?<\/a><\/li>\n<\/ul><\/div>\n<h3>S&rsquo;en occuper<\/h3>\n<div class=\"menu-sen-occuper-container\"><ul id=\"menu-sen-occuper\" class=\"menu\"><li id=\"menu-item-1706\" class=\"menu-item menu-item-type-custom menu-item-object-custom menu-item-1706\"><a href=\"http:\/\/noshamsters.be\/hamsteropedia\/?p=93\">Les premiers gestes<\/a><\/li>\n<li id=\"menu-item-1707\" class=\"menu-item menu-item-type-custom menu-item-object-custom menu-item-has-children menu-item-1707\"><a href=\"http:\/\/noshamsters.be\/hamsteropedia\/?p=98\">L&rsquo;apprivoisement<\/a>\n<ul class=\"sub-menu\">\n\t<li id=\"menu-item-1708\" class=\"menu-item menu-item-type-custom menu-item-object-custom menu-item-1708\"><a href=\"http:\/\/noshamsters.be\/hamsteropedia\/?p=101\">Exemple d&rsquo;apprivoisement<\/a><\/li>\n\t<li id=\"menu-item-1709\" class=\"menu-item menu-item-type-custom menu-item-object-custom menu-item-1709\"><a href=\"http:\/\/noshamsters.be\/hamsteropedia\/?p=141\">Manipulation<\/a><\/li>\n\t<li id=\"menu-item-1710\" class=\"menu-item menu-item-type-custom menu-item-object-custom menu-item-1710\"><a href=\"http:\/\/noshamsters.be\/hamsteropedia\/?p=146\">Morsures<\/a><\/li>\n<\/ul>\n<\/li>\n<li id=\"menu-item-1711\" class=\"menu-item menu-item-type-custom menu-item-object-custom menu-item-has-children menu-item-1711\"><a href=\"http:\/\/noshamsters.be\/hamsteropedia\/?p=151\">Tableau de comportement<\/a>\n<ul class=\"sub-menu\">\n\t<li id=\"menu-item-1713\" class=\"menu-item menu-item-type-custom menu-item-object-custom menu-item-1713\"><a href=\"http:\/\/noshamsters.be\/hamsteropedia\/?p=138\">Les sens du hamster<\/a><\/li>\n\t<li id=\"menu-item-1714\" class=\"menu-item menu-item-type-custom menu-item-object-custom menu-item-1714\"><a href=\"http:\/\/noshamsters.be\/hamsteropedia\/?p=135\">Les r\u00e9serves<\/a><\/li>\n\t<li id=\"menu-item-1715\" class=\"menu-item menu-item-type-custom menu-item-object-custom menu-item-1715\"><a href=\"http:\/\/noshamsters.be\/hamsteropedia\/?p=131\">La toilette<\/a><\/li>\n\t<li id=\"menu-item-1716\" class=\"menu-item menu-item-type-custom menu-item-object-custom menu-item-1716\"><a href=\"http:\/\/noshamsters.be\/hamsteropedia\/?p=128\">L&rsquo;hibernation<\/a><\/li>\n\t<li id=\"menu-item-1718\" class=\"menu-item menu-item-type-custom menu-item-object-custom menu-item-1718\"><a href=\"http:\/\/noshamsters.be\/hamsteropedia\/?p=104\">Au rythme du hamster<\/a><\/li>\n<\/ul>\n<\/li>\n<li id=\"menu-item-1717\" class=\"menu-item menu-item-type-custom menu-item-object-custom menu-item-1717\"><a href=\"http:\/\/noshamsters.be\/hamsteropedia\/?p=124\">Cohabitation<\/a><\/li>\n<li id=\"menu-item-1712\" class=\"menu-item menu-item-type-custom menu-item-object-custom menu-item-1712\"><a href=\"http:\/\/noshamsters.be\/hamsteropedia\/?p=148\">Questions fr\u00e9quentes<\/a><\/li>\n<\/ul><\/div>\n<h3>Vie quotidienne<\/h3>\n<div class=\"menu-vie-quotidienne-container\"><ul id=\"menu-vie-quotidienne\" class=\"menu\"><li id=\"menu-item-1719\" class=\"menu-item menu-item-type-custom menu-item-object-custom menu-item-has-children menu-item-1719\"><a href=\"http:\/\/noshamsters.be\/hamsteropedia\/?p=178\">Alimentation<\/a>\n<ul class=\"sub-menu\">\n\t<li id=\"menu-item-1916\" class=\"menu-item menu-item-type-post_type menu-item-object-post menu-item-1916\"><a title=\"http:\/\/noshamsters.be\/hamsteropedia\/?p=1913\" href=\"https:\/\/noshamsters.be\/hamsteropedia\/?p=1913\">Apprendre \u00e0 nourrir son hamster<\/a><\/li>\n<\/ul>\n<\/li>\n<li id=\"menu-item-1720\" class=\"menu-item menu-item-type-custom menu-item-object-custom menu-item-1720\"><a href=\"http:\/\/noshamsters.be\/hamsteropedia\/?p=184\">Habitat<\/a><\/li>\n<li id=\"menu-item-1721\" class=\"menu-item menu-item-type-custom menu-item-object-custom menu-item-1721\"><a href=\"http:\/\/noshamsters.be\/hamsteropedia\/?p=196\">Types de liti\u00e8res<\/a><\/li>\n<li id=\"menu-item-1722\" class=\"menu-item menu-item-type-custom menu-item-object-custom menu-item-1722\"><a href=\"http:\/\/noshamsters.be\/hamsteropedia\/?p=208\">Les sorties<\/a><\/li>\n<li id=\"menu-item-1723\" class=\"menu-item menu-item-type-custom menu-item-object-custom menu-item-1723\"><a href=\"http:\/\/noshamsters.be\/hamsteropedia\/?p=212\">Les vacances<\/a><\/li>\n<\/ul><\/div>\n<h3>Soins &amp; Sant\u00e9<\/h3>\n<div class=\"menu-sante-et-soins-container\"><ul id=\"menu-sante-et-soins\" class=\"menu\"><li id=\"menu-item-1725\" class=\"menu-item menu-item-type-custom menu-item-object-custom menu-item-has-children menu-item-1725\"><a href=\"http:\/\/noshamsters.be\/hamsteropedia\/?p=236\">Maladies courantes<\/a>\n<ul class=\"sub-menu\">\n\t<li id=\"menu-item-1726\" class=\"menu-item menu-item-type-custom menu-item-object-custom menu-item-1726\"><a href=\"http:\/\/noshamsters.be\/hamsteropedia\/?p=220\">Gales et pseudo-gales<\/a><\/li>\n\t<li id=\"menu-item-1731\" class=\"menu-item menu-item-type-custom menu-item-object-custom menu-item-1731\"><a href=\"http:\/\/noshamsters.be\/hamsteropedia\/?p=245\">Maladie de la queue mouill\u00e9e<\/a><\/li>\n\t<li id=\"menu-item-2252\" class=\"menu-item menu-item-type-post_type menu-item-object-post menu-item-2252\"><a href=\"https:\/\/noshamsters.be\/hamsteropedia\/?p=1937\">La Maladie de Cushing<\/a><\/li>\n\t<li id=\"menu-item-1727\" class=\"menu-item menu-item-type-custom menu-item-object-custom menu-item-1727\"><a href=\"http:\/\/noshamsters.be\/hamsteropedia\/?p=222\">Euthanasie<\/a><\/li>\n\t<li id=\"menu-item-1729\" class=\"menu-item menu-item-type-custom menu-item-object-custom menu-item-1729\"><a href=\"http:\/\/noshamsters.be\/hamsteropedia\/?p=238\">Plantes toxiques<\/a><\/li>\n<\/ul>\n<\/li>\n<li id=\"menu-item-1730\" class=\"menu-item menu-item-type-custom menu-item-object-custom menu-item-1730\"><a href=\"http:\/\/noshamsters.be\/hamsteropedia\/?p=242\">Soigner son hamster<\/a><\/li>\n<li id=\"menu-item-1724\" class=\"menu-item menu-item-type-custom menu-item-object-custom menu-item-1724\"><a href=\"http:\/\/noshamsters.be\/hamsteropedia\/?p=215\">Importance d&rsquo;un v\u00e9to sp\u00e9cialis\u00e9<\/a><\/li>\n<li id=\"menu-item-1728\" class=\"menu-item menu-item-type-custom menu-item-object-custom menu-item-1728\"><a href=\"http:\/\/noshamsters.be\/hamsteropedia\/?p=225\">Mue du hamster russe<\/a><\/li>\n<li id=\"menu-item-1732\" class=\"menu-item menu-item-type-custom menu-item-object-custom menu-item-1732\"><a href=\"http:\/\/noshamsters.be\/hamsteropedia\/?p=1332\">Chaleur : bien r\u00e9agir<\/a><\/li>\n<\/ul><\/div>\n<h3>Reproduction<\/h3>\n<div class=\"menu-reproduction-container\"><ul id=\"menu-reproduction\" class=\"menu\"><li id=\"menu-item-1733\" class=\"menu-item menu-item-type-custom menu-item-object-custom menu-item-1733\"><a href=\"http:\/\/noshamsters.be\/hamsteropedia\/?p=249\">R\u00e9fl\u00e9chir avant de reproduire<\/a><\/li>\n<li id=\"menu-item-1734\" class=\"menu-item menu-item-type-custom menu-item-object-custom menu-item-has-children menu-item-1734\"><a href=\"http:\/\/noshamsters.be\/hamsteropedia\/?p=252\">Bases de la reproduction<\/a>\n<ul class=\"sub-menu\">\n\t<li id=\"menu-item-1736\" class=\"menu-item menu-item-type-custom menu-item-object-custom menu-item-1736\"><a href=\"http:\/\/noshamsters.be\/hamsteropedia\/?p=273\">Remarques importantes<\/a><\/li>\n\t<li id=\"menu-item-1738\" class=\"menu-item menu-item-type-custom menu-item-object-custom menu-item-1738\"><a href=\"http:\/\/noshamsters.be\/hamsteropedia\/?p=301\">Evolution d&rsquo;un b\u00e9b\u00e9<\/a><\/li>\n\t<li id=\"menu-item-1740\" class=\"menu-item menu-item-type-custom menu-item-object-custom menu-item-1740\"><a href=\"http:\/\/noshamsters.be\/hamsteropedia\/?p=306\">Premiers pas dans l&rsquo;\u00e9levage<\/a><\/li>\n\t<li id=\"menu-item-1739\" class=\"menu-item menu-item-type-custom menu-item-object-custom menu-item-1739\"><a href=\"http:\/\/noshamsters.be\/hamsteropedia\/?p=304\">Devenir \u00e9leveur? Ok mais&#8230;<\/a><\/li>\n<\/ul>\n<\/li>\n<li id=\"menu-item-1735\" class=\"menu-item menu-item-type-custom menu-item-object-custom menu-item-has-children menu-item-1735\"><a href=\"http:\/\/noshamsters.be\/hamsteropedia\/?p=271\">La g\u00e9n\u00e9tique<\/a>\n<ul class=\"sub-menu\">\n\t<li id=\"menu-item-1927\" class=\"menu-item menu-item-type-post_type menu-item-object-post menu-item-1927\"><a href=\"https:\/\/noshamsters.be\/hamsteropedia\/?p=1924\">Transmission h\u00e9r\u00e9ditaire : plus que le B.A. ba<\/a><\/li>\n<\/ul>\n<\/li>\n<li id=\"menu-item-1737\" class=\"menu-item menu-item-type-custom menu-item-object-custom menu-item-1737\"><a href=\"http:\/\/noshamsters.be\/hamsteropedia\/?p=275\">Hybridation<\/a><\/li>\n<\/ul><\/div>\n<p>[\/one_half] [one_half]<\/p>\n<h2 class=\"widget-title\">ESPECES &amp; VARIETES<\/h2>\n<div class=\"textwidget\">\n<h3>Le hamster syrien<\/h3>\n<p><img src=\"http:\/\/noshamsters.be\/hamsteropedia\/wp-content\/uploads\/2014\/04\/minisyrtrans.jpg\" align=\"left\"><a href=\"http:\/\/noshamsters.be\/hamsteropedia\/?page_id=609\">Pr\u00e9sentation<\/a><br \/>\n<a href=\"http:\/\/noshamsters.be\/hamsteropedia\/?page_id=1179\">Couleurs<\/a><br \/>\n<a href=\"http:\/\/noshamsters.be\/hamsteropedia\/?page_id=1225\">Marquages<\/a><br \/>\n<a href=\"http:\/\/noshamsters.be\/hamsteropedia\/?page_id=1231\">Types de Poils<\/a><\/p>\n<h3>Le hamster russe<\/h3>\n<p><img src=\"http:\/\/noshamsters.be\/hamsteropedia\/wp-content\/uploads\/2014\/04\/minirustranspa.jpg\" align=\"left\"><a href=\"http:\/\/noshamsters.be\/hamsteropedia\/?page_id=615\">Pr\u00e9sentation<\/a><br \/>\n<a href=\"http:\/\/noshamsters.be\/hamsteropedia\/?page_id=1238\">Couleurs <\/a><br \/>\n<a href=\"http:\/\/noshamsters.be\/hamsteropedia\/?page_id=1247\">Marquages<\/a><br \/>\n<a href=\"http:\/\/noshamsters.be\/hamsteropedia\/?page_id=1256\">Types de poils<\/a><\/p>\n<h3>Le hamster de Campbell<\/h3>\n<p><img src=\"http:\/\/noshamsters.be\/hamsteropedia\/wp-content\/uploads\/2014\/04\/minicamptranspa.jpg\" align=\"left\"><a href=\"http:\/\/noshamsters.be\/hamsteropedia\/?page_id=618\">Pr\u00e9sentation<\/a><br \/>\n<a href=\"http:\/\/noshamsters.be\/hamsteropedia\/?page_id=1272\">Couleurs<\/a><br \/>\n<a href=\"http:\/\/noshamsters.be\/hamsteropedia\/?page_id=1296\">Marquages<\/a><br \/>\n<a href=\"http:\/\/noshamsters.be\/hamsteropedia\/?page_id=1300\">Types de poils<\/a><\/p>\n<h3>Le hamster de Roborovski<\/h3>\n<p><img src=\"http:\/\/noshamsters.be\/hamsteropedia\/wp-content\/uploads\/2014\/04\/minirobotranspa.jpg\" align=\"left\"><a href=\"http:\/\/noshamsters.be\/hamsteropedia\/?page_id=625\">Pr\u00e9sentation<\/a><br \/>\n<a href=\"http:\/\/noshamsters.be\/hamsteropedia\/?page_id=1749\">Couleurs et marquages<\/a><\/p>\n<p>&nbsp;<\/p>\n<h3>Le hamster chinois<\/h3>\n<p><img src=\"http:\/\/noshamsters.be\/hamsteropedia\/wp-content\/uploads\/2014\/04\/minichintranspa.jpg\" align=\"left\"><br \/>\n<a href=\"http:\/\/noshamsters.be\/hamsteropedia\/?page_id=629\">Pr\u00e9sentation<\/a><br \/>\n<a href=\"http:\/\/noshamsters.be\/hamsteropedia\/?page_id=1751\">Couleurs et marquages<\/a><\/p>\n<p>&nbsp;<\/p>\n<\/div>\n<p>[\/one_half]<\/p>\n","protected":false},"excerpt":{"rendered":"<p>Pour naviguer plus rapidement, voici le plan du site. [one_half] GENERAL Adoption &amp; Choix S&rsquo;en occuper Vie quotidienne Soins &amp; Sant\u00e9 Reproduction [\/one_half] [one_half] ESPECES &amp; VARIETES Le hamster syrien Pr\u00e9sentation Couleurs Marquages Types de Poils Le hamster russe Pr\u00e9sentation Couleurs Marquages Types de poils Le hamster de Campbell Pr\u00e9sentation\u2026<\/p>\n<p> <a class=\"continue-reading-link\" href=\"https:\/\/noshamsters.be\/hamsteropedia\/?page_id=2276\"><span>Lire la suite<\/span><i class=\"crycon-right-dir\"><\/i><\/a> <\/p>\n","protected":false},"author":1,"featured_media":0,"parent":0,"menu_order":0,"comment_status":"closed","ping_status":"closed","template":"","meta":{"ngg_post_thumbnail":0},"_links":{"self":[{"href":"https:\/\/noshamsters.be\/hamsteropedia\/index.php?rest_route=\/wp\/v2\/pages\/2276"}],"collection":[{"href":"https:\/\/noshamsters.be\/hamsteropedia\/index.php?rest_route=\/wp\/v2\/pages"}],"about":[{"href":"https:\/\/noshamsters.be\/hamsteropedia\/index.php?rest_route=\/wp\/v2\/types\/page"}],"author":[{"embeddable":true,"href":"https:\/\/noshamsters.be\/hamsteropedia\/index.php?rest_route=\/wp\/v2\/users\/1"}],"replies":[{"embeddable":true,"href":"https:\/\/noshamsters.be\/hamsteropedia\/index.php?rest_route=%2Fwp%2Fv2%2Fcomments&post=2276"}],"version-history":[{"count":11,"href":"https:\/\/noshamsters.be\/hamsteropedia\/index.php?rest_route=\/wp\/v2\/pages\/2276\/revisions"}],"predecessor-version":[{"id":2288,"href":"https:\/\/noshamsters.be\/hamsteropedia\/index.php?rest_route=\/wp\/v2\/pages\/2276\/revisions\/2288"}],"wp:attachment":[{"href":"https:\/\/noshamsters.be\/hamsteropedia\/index.php?rest_route=%2Fwp%2Fv2%2Fmedia&parent=2276"}],"curies":[{"name":"wp","href":"https:\/\/api.w.org\/{rel}","templated":true}]}}