{"id":609,"date":"2012-01-18T19:50:07","date_gmt":"2012-01-18T18:50:07","guid":{"rendered":"http:\/\/noshamsters.be\/hamsteropedia\/?page_id=609"},"modified":"2020-03-06T09:11:32","modified_gmt":"2020-03-06T08:11:32","slug":"syrien","status":"publish","type":"page","link":"https:\/\/noshamsters.be\/hamsteropedia\/?page_id=609","title":{"rendered":"Hamster Syrien"},"content":{"rendered":"\n<figure class=\"wp-block-embed-youtube wp-block-embed is-type-video is-provider-youtube wp-embed-aspect-16-9 wp-has-aspect-ratio\"><div class=\"wp-block-embed__wrapper\">\n<iframe loading=\"lazy\" title=\"Le hamster syrien [S\u00e9rie pr\u00e9sentation des esp\u00e8ces]\" width=\"1030\" height=\"579\" src=\"https:\/\/www.youtube.com\/embed\/tnorcfGdxKk?feature=oembed\" frameborder=\"0\" allow=\"accelerometer; autoplay; encrypted-media; gyroscope; picture-in-picture\" allowfullscreen><\/iframe>\n<\/div><\/figure>\n\n\n\n<h2><strong>Origine<\/strong><\/h2>\n\n\n\n<p>Il vient \u00e0 l\u2019origine des r\u00e9gions d\u00e9sertiques d\u2019Asie Mineure et des Balkans o\u00f9 il m\u00e8ne une existence solitaire, ne supportant pas la pr\u00e9sence de cong\u00e9n\u00e8res, sauf durant la p\u00e9riode d\u2019accouplement. Ils ont \u00e9t\u00e9 attrap\u00e9s puis reproduits en captivit\u00e9, et diverses mutations sont apparues rapidement. Il a \u00e9t\u00e9 aussi beaucoup utilis\u00e9 comme animal de laboratoire.<\/p>\n\n\n\n<p><strong>\u25ba Autres d\u00e9nominations<\/strong> : hamster commun, hamster dor\u00e9, hamster teddy (pour les angora), hamster panda (pour les noir bande blanche)<\/p>\n\n\n\n<h2><strong>Description<\/strong><\/h2>\n\n\n\n<p><span style=\"line-height: 1.6em;\">Le hamster syrien, ou hamster dor\u00e9 de Syrie, est le plus grand de tous les hamsters domestiques.&nbsp;Les couleurs et les types de poils se sont diversifi\u00e9s au fil du temps pour donner aujourd\u2019hui les plus beaux types. Il en existe des dizaines de vari\u00e9t\u00e9s diff\u00e9rentes, subdivis\u00e9es en couleurs (agouti, orange, noir, dove, &#8230;), marquages (\u00e0 bande blanche, \u00e9caille de tortue, dalmatien, &#8230;) et types de poils (courts, angora, rex, nu&#8230;).&nbsp;<\/span><\/p>\n\n\n\n<p>Il mesure, adulte, environ 15 cm de long pour un poids de 100 gr (pour ceux d\u2019animalerie) \u00e0 200 gr (pour ceux provenant d\u2019\u00e9leveurs).<br>Sa dur\u00e9e de vie est d\u2019environ 2 \u00e0 3 ans.<\/p>\n\n\n\n<blockquote class=\"wp-block-quote\"><p><strong>Remarque<\/strong>\u00a0: Le hamster syrien est le plus territorial des hamsters! Il faut imp\u00e9rativement lui donner une cage pour lui tout seul.<\/p><p>Il ne faut pas faire cohabiter deux esp\u00e8ces ensemble. Dans la nature, elles ne se c\u00f4toient pas. De violentes bagarres pourraient provoquer la mort d\u2019un ou de plusieurs hamsters.<\/p><\/blockquote>\n\n\n\n<div class=\"wp-block-image\"><figure class=\"aligncenter\"><img loading=\"lazy\" width=\"800\" height=\"300\" src=\"http:\/\/noshamsters.be\/hamsteropedia\/wp-content\/uploads\/2012\/01\/syrien1.jpg\" alt=\"\" class=\"wp-image-1967\" srcset=\"https:\/\/noshamsters.be\/hamsteropedia\/wp-content\/uploads\/2012\/01\/syrien1.jpg 800w, https:\/\/noshamsters.be\/hamsteropedia\/wp-content\/uploads\/2012\/01\/syrien1-300x113.jpg 300w, https:\/\/noshamsters.be\/hamsteropedia\/wp-content\/uploads\/2012\/01\/syrien1-768x288.jpg 768w, https:\/\/noshamsters.be\/hamsteropedia\/wp-content\/uploads\/2012\/01\/syrien1-750x281.jpg 750w, https:\/\/noshamsters.be\/hamsteropedia\/wp-content\/uploads\/2012\/01\/syrien1-400x150.jpg 400w, https:\/\/noshamsters.be\/hamsteropedia\/wp-content\/uploads\/2012\/01\/syrien1-430x161.jpg 430w, https:\/\/noshamsters.be\/hamsteropedia\/wp-content\/uploads\/2012\/01\/syrien1-150x56.jpg 150w, https:\/\/noshamsters.be\/hamsteropedia\/wp-content\/uploads\/2012\/01\/syrien1-100x38.jpg 100w\" sizes=\"(max-width: 800px) 100vw, 800px\" \/><\/figure><\/div>\n\n\n\n<h2>Vari\u00e9t\u00e9s<\/h2>\n\n\n\n<p>Cliquez sur les diff\u00e9rentes sections pour voir les mutations du hamster syrien :<\/p>\n\n\n\n<ul><li><a title=\"[Syriens] Couleurs agouties\" href=\"http:\/\/noshamsters.be\/hamsteropedia\/?page_id=1179\">Voir les couleurs<\/a><\/li><li><a title=\"[Syriens] Marquages\" href=\"http:\/\/noshamsters.be\/hamsteropedia\/?page_id=1225\">Voir les marquages<\/a><\/li><li><a title=\"[Syriens] Types de poils\" href=\"http:\/\/noshamsters.be\/hamsteropedia\/?page_id=1231\">Voir les types de poils<\/a><\/li><\/ul>\n\n\n\n<p>Quelques exemples :<\/p>\n\n\n\n<figure class=\"wp-block-gallery columns-3 is-cropped\"><ul class=\"blocks-gallery-grid\"><li class=\"blocks-gallery-item\"><figure><a href=\"http:\/\/noshamsters.be\/hamsteropedia\/wp-content\/uploads\/2012\/08\/249285_367273770032438_1605801559_n.jpg\"><img loading=\"lazy\" width=\"798\" height=\"914\" src=\"http:\/\/noshamsters.be\/hamsteropedia\/wp-content\/uploads\/2012\/08\/249285_367273770032438_1605801559_n.jpg\" alt=\"\" data-id=\"1872\" class=\"wp-image-1872\" srcset=\"https:\/\/noshamsters.be\/hamsteropedia\/wp-content\/uploads\/2012\/08\/249285_367273770032438_1605801559_n.jpg 798w, https:\/\/noshamsters.be\/hamsteropedia\/wp-content\/uploads\/2012\/08\/249285_367273770032438_1605801559_n-262x300.jpg 262w\" sizes=\"(max-width: 798px) 100vw, 798px\" \/><\/a><\/figure><\/li><li class=\"blocks-gallery-item\"><figure><a href=\"http:\/\/noshamsters.be\/hamsteropedia\/wp-content\/uploads\/2012\/08\/DSC05791-copy.jpg\"><img loading=\"lazy\" width=\"1500\" height=\"995\" src=\"http:\/\/noshamsters.be\/hamsteropedia\/wp-content\/uploads\/2012\/08\/DSC05791-copy.jpg\" alt=\"\" data-id=\"1815\" class=\"wp-image-1815\" srcset=\"https:\/\/noshamsters.be\/hamsteropedia\/wp-content\/uploads\/2012\/08\/DSC05791-copy.jpg 1500w, https:\/\/noshamsters.be\/hamsteropedia\/wp-content\/uploads\/2012\/08\/DSC05791-copy-300x199.jpg 300w, https:\/\/noshamsters.be\/hamsteropedia\/wp-content\/uploads\/2012\/08\/DSC05791-copy-1024x679.jpg 1024w, https:\/\/noshamsters.be\/hamsteropedia\/wp-content\/uploads\/2012\/08\/DSC05791-copy-452x300.jpg 452w\" sizes=\"(max-width: 1500px) 100vw, 1500px\" \/><\/a><\/figure><\/li><li class=\"blocks-gallery-item\"><figure><a href=\"http:\/\/noshamsters.be\/hamsteropedia\/wp-content\/uploads\/2012\/08\/DSCN3526.jpg\"><img loading=\"lazy\" width=\"800\" height=\"600\" src=\"http:\/\/noshamsters.be\/hamsteropedia\/wp-content\/uploads\/2012\/08\/DSCN3526.jpg\" alt=\"\" data-id=\"1187\" class=\"wp-image-1187\" srcset=\"https:\/\/noshamsters.be\/hamsteropedia\/wp-content\/uploads\/2012\/08\/DSCN3526.jpg 800w, https:\/\/noshamsters.be\/hamsteropedia\/wp-content\/uploads\/2012\/08\/DSCN3526-300x225.jpg 300w\" sizes=\"(max-width: 800px) 100vw, 800px\" \/><\/a><\/figure><\/li><li class=\"blocks-gallery-item\"><figure><a href=\"http:\/\/noshamsters.be\/hamsteropedia\/wp-content\/uploads\/2012\/08\/DSCF0056.jpg\"><img loading=\"lazy\" width=\"640\" height=\"480\" src=\"http:\/\/noshamsters.be\/hamsteropedia\/wp-content\/uploads\/2012\/08\/DSCF0056.jpg\" alt=\"\" data-id=\"1213\" class=\"wp-image-1213\" srcset=\"https:\/\/noshamsters.be\/hamsteropedia\/wp-content\/uploads\/2012\/08\/DSCF0056.jpg 640w, https:\/\/noshamsters.be\/hamsteropedia\/wp-content\/uploads\/2012\/08\/DSCF0056-300x225.jpg 300w\" sizes=\"(max-width: 640px) 100vw, 640px\" \/><\/a><\/figure><\/li><li class=\"blocks-gallery-item\"><figure><a href=\"http:\/\/noshamsters.be\/hamsteropedia\/wp-content\/uploads\/2012\/02\/DSC05419-copy.jpg\"><img loading=\"lazy\" width=\"1500\" height=\"1100\" src=\"http:\/\/noshamsters.be\/hamsteropedia\/wp-content\/uploads\/2012\/02\/DSC05419-copy.jpg\" alt=\"\" data-id=\"796\" class=\"wp-image-796\" srcset=\"https:\/\/noshamsters.be\/hamsteropedia\/wp-content\/uploads\/2012\/02\/DSC05419-copy.jpg 1500w, https:\/\/noshamsters.be\/hamsteropedia\/wp-content\/uploads\/2012\/02\/DSC05419-copy-300x220.jpg 300w, https:\/\/noshamsters.be\/hamsteropedia\/wp-content\/uploads\/2012\/02\/DSC05419-copy-1024x750.jpg 1024w\" sizes=\"(max-width: 1500px) 100vw, 1500px\" \/><\/a><\/figure><\/li><li class=\"blocks-gallery-item\"><figure><a href=\"http:\/\/noshamsters.be\/hamsteropedia\/wp-content\/uploads\/2012\/02\/DSC00342-copy.jpg\"><img loading=\"lazy\" width=\"1500\" height=\"1106\" src=\"http:\/\/noshamsters.be\/hamsteropedia\/wp-content\/uploads\/2012\/02\/DSC00342-copy.jpg\" alt=\"\" data-id=\"758\" class=\"wp-image-758\" srcset=\"https:\/\/noshamsters.be\/hamsteropedia\/wp-content\/uploads\/2012\/02\/DSC00342-copy.jpg 1500w, https:\/\/noshamsters.be\/hamsteropedia\/wp-content\/uploads\/2012\/02\/DSC00342-copy-300x221.jpg 300w, https:\/\/noshamsters.be\/hamsteropedia\/wp-content\/uploads\/2012\/02\/DSC00342-copy-1024x755.jpg 1024w\" sizes=\"(max-width: 1500px) 100vw, 1500px\" \/><\/a><\/figure><\/li><li class=\"blocks-gallery-item\"><figure><a href=\"http:\/\/noshamsters.be\/hamsteropedia\/wp-content\/uploads\/2012\/01\/DSC04469-Medium.jpg\"><img loading=\"lazy\" width=\"800\" height=\"711\" src=\"http:\/\/noshamsters.be\/hamsteropedia\/wp-content\/uploads\/2012\/01\/DSC04469-Medium.jpg\" alt=\"\" data-id=\"697\" class=\"wp-image-697\" srcset=\"https:\/\/noshamsters.be\/hamsteropedia\/wp-content\/uploads\/2012\/01\/DSC04469-Medium.jpg 800w, https:\/\/noshamsters.be\/hamsteropedia\/wp-content\/uploads\/2012\/01\/DSC04469-Medium-300x266.jpg 300w\" sizes=\"(max-width: 800px) 100vw, 800px\" \/><\/a><\/figure><\/li><li class=\"blocks-gallery-item\"><figure><a href=\"http:\/\/noshamsters.be\/hamsteropedia\/wp-content\/uploads\/2012\/01\/syrien_cuivre_sat.jpg\"><img loading=\"lazy\" width=\"600\" height=\"600\" src=\"http:\/\/noshamsters.be\/hamsteropedia\/wp-content\/uploads\/2012\/01\/syrien_cuivre_sat.jpg\" alt=\"\" data-id=\"571\" class=\"wp-image-571\" srcset=\"https:\/\/noshamsters.be\/hamsteropedia\/wp-content\/uploads\/2012\/01\/syrien_cuivre_sat.jpg 600w, https:\/\/noshamsters.be\/hamsteropedia\/wp-content\/uploads\/2012\/01\/syrien_cuivre_sat-150x150.jpg 150w, https:\/\/noshamsters.be\/hamsteropedia\/wp-content\/uploads\/2012\/01\/syrien_cuivre_sat-300x300.jpg 300w\" sizes=\"(max-width: 600px) 100vw, 600px\" \/><\/a><\/figure><\/li><li class=\"blocks-gallery-item\"><figure><a href=\"http:\/\/noshamsters.be\/hamsteropedia\/wp-content\/uploads\/2012\/01\/dscn0887.jpg\"><img loading=\"lazy\" width=\"800\" height=\"600\" src=\"http:\/\/noshamsters.be\/hamsteropedia\/wp-content\/uploads\/2012\/01\/dscn0887.jpg\" alt=\"\" data-id=\"504\" class=\"wp-image-504\" srcset=\"https:\/\/noshamsters.be\/hamsteropedia\/wp-content\/uploads\/2012\/01\/dscn0887.jpg 800w, https:\/\/noshamsters.be\/hamsteropedia\/wp-content\/uploads\/2012\/01\/dscn0887-300x225.jpg 300w\" sizes=\"(max-width: 800px) 100vw, 800px\" \/><\/a><\/figure><\/li><\/ul><\/figure>\n","protected":false},"excerpt":{"rendered":"<p>Origine Il vient \u00e0 l\u2019origine des r\u00e9gions d\u00e9sertiques d\u2019Asie Mineure et des Balkans o\u00f9 il m\u00e8ne une existence solitaire, ne supportant pas la pr\u00e9sence de cong\u00e9n\u00e8res, sauf durant la p\u00e9riode d\u2019accouplement. Ils ont \u00e9t\u00e9 attrap\u00e9s puis reproduits en captivit\u00e9, et diverses mutations sont apparues rapidement. Il a \u00e9t\u00e9 aussi beaucoup\u2026<\/p>\n<p> <a class=\"continue-reading-link\" href=\"https:\/\/noshamsters.be\/hamsteropedia\/?page_id=609\"><span>Lire la suite<\/span><i class=\"crycon-right-dir\"><\/i><\/a> <\/p>\n","protected":false},"author":1,"featured_media":0,"parent":590,"menu_order":0,"comment_status":"closed","ping_status":"open","template":"","meta":{"ngg_post_thumbnail":0},"_links":{"self":[{"href":"https:\/\/noshamsters.be\/hamsteropedia\/index.php?rest_route=\/wp\/v2\/pages\/609"}],"collection":[{"href":"https:\/\/noshamsters.be\/hamsteropedia\/index.php?rest_route=\/wp\/v2\/pages"}],"about":[{"href":"https:\/\/noshamsters.be\/hamsteropedia\/index.php?rest_route=\/wp\/v2\/types\/page"}],"author":[{"embeddable":true,"href":"https:\/\/noshamsters.be\/hamsteropedia\/index.php?rest_route=\/wp\/v2\/users\/1"}],"replies":[{"embeddable":true,"href":"https:\/\/noshamsters.be\/hamsteropedia\/index.php?rest_route=%2Fwp%2Fv2%2Fcomments&post=609"}],"version-history":[{"count":54,"href":"https:\/\/noshamsters.be\/hamsteropedia\/index.php?rest_route=\/wp\/v2\/pages\/609\/revisions"}],"predecessor-version":[{"id":3294,"href":"https:\/\/noshamsters.be\/hamsteropedia\/index.php?rest_route=\/wp\/v2\/pages\/609\/revisions\/3294"}],"up":[{"embeddable":true,"href":"https:\/\/noshamsters.be\/hamsteropedia\/index.php?rest_route=\/wp\/v2\/pages\/590"}],"wp:attachment":[{"href":"https:\/\/noshamsters.be\/hamsteropedia\/index.php?rest_route=%2Fwp%2Fv2%2Fmedia&parent=609"}],"curies":[{"name":"wp","href":"https:\/\/api.w.org\/{rel}","templated":true}]}}