{"id":615,"date":"2012-01-18T19:55:38","date_gmt":"2012-01-18T18:55:38","guid":{"rendered":"http:\/\/noshamsters.be\/hamsteropedia\/?page_id=615"},"modified":"2018-03-22T20:02:04","modified_gmt":"2018-03-22T19:02:04","slug":"russe","status":"publish","type":"page","link":"https:\/\/noshamsters.be\/hamsteropedia\/?page_id=615","title":{"rendered":"Russe"},"content":{"rendered":"<p style=\"text-align: center;\">\n<iframe loading=\"lazy\" src=\"https:\/\/www.youtube.com\/embed\/AQ6JWbIofXI\" width=\"560\" height=\"315\" frameborder=\"0\" allowfullscreen=\"allowfullscreen\"><\/iframe><\/p>\n<h2>Origine<\/h2>\n<p>Originaire des plaines de Sib\u00e9rie, le hamster nain russe est la proie des des rapaces, il a donc pour comportement de peur de s&rsquo;aplatir et attendre, ce qui en fait un animal peu agressif et plut\u00f4t placide. A l&rsquo;\u00e9tat sauvage, il vit en colonies sur de grands territoires (ce qui rend la cohabitation dans une cage g\u00e9n\u00e9ralement compliqu\u00e9e et menant \u00e0 des bagarres).<\/p>\n<p><strong>Autres d\u00e9nominations<\/strong> : Hamster sib\u00e9rien, dzoungare (ou Djoungare)<\/p>\n<p>\/!\\ Le hamster russe et le Campbell se ressemblent tr\u00e8s fort pour un \u0153il non averti, ces deux esp\u00e8ces sont cependant bien diff\u00e9rentes. <a href=\"http:\/\/noshamsters.be\/hamsteropedia\/?p=978\">Voir comment les diff\u00e9rencier<\/a>.<\/p>\n<h2>Description<\/h2>\n<p>Il s&rsquo;agit du hamster nain le plus connu, son proche cousin le hamster de Campbell \u00e9tant peu connu (et souvent confondu avec le russe). Il p\u00e8se environ 40 \u00e0 50 grammes et sa moyenne de vie se situe vers 1.5 an \u00e0 2 ans.<\/p>\n<p><span style=\"line-height: 1.4em;\">La particularit\u00e9 du russe est son changement de couleur qui doit se produire normalement en hiver. Il devient alors presque enti\u00e8rement blanc. (<a title=\"Mue du hamster russe\" href=\"http:\/\/noshamsters.be\/hamsteropedia\/?p=225\">voir l&rsquo;article sur la mue du hamster russe<\/a>)<\/span><\/p>\n<p>Ils ont un poils assez courts et dense qui se d\u00e9cline en 3 couleurs reconnues, et une s\u00e9rie de nouvelles couleurs qui ne sont pas encore dans le standard car issues d&rsquo;hybridation avec le hamster de Campbell. Etant donn\u00e9 que les hybridations sont plut\u00f4t n\u00e9fastes, seules les trois mutations agouti, saphir et perle peuvent donner des lign\u00e9es pures (attention, un \u00ab\u00a0russe\u00a0\u00bb perle n&rsquo;est pas forc\u00e9ment pur; par contre un \u00ab\u00a0russe\u00a0\u00bb noir est forc\u00e9ment hybrid\u00e9).<\/p>\n<p><strong>Remarque<\/strong>&nbsp;: Il ne faut pas faire cohabiter deux esp\u00e8ces ensemble. Dans la nature, elles ne se c\u00f4toient pas. De violentes bagarres pourraient provoquer la mort d\u2019un ou de plusieurs hamster<\/p>\n<p><img loading=\"lazy\" class=\"aligncenter size-full wp-image-2549\" src=\"http:\/\/noshamsters.be\/hamsteropedia\/wp-content\/uploads\/2018\/03\/russe.jpg\" alt=\"\" width=\"800\" height=\"300\" srcset=\"https:\/\/noshamsters.be\/hamsteropedia\/wp-content\/uploads\/2018\/03\/russe.jpg 800w, https:\/\/noshamsters.be\/hamsteropedia\/wp-content\/uploads\/2018\/03\/russe-300x113.jpg 300w, https:\/\/noshamsters.be\/hamsteropedia\/wp-content\/uploads\/2018\/03\/russe-768x288.jpg 768w, https:\/\/noshamsters.be\/hamsteropedia\/wp-content\/uploads\/2018\/03\/russe-150x56.jpg 150w\" sizes=\"(max-width: 800px) 100vw, 800px\" \/><\/p>\n<h2>Vari\u00e9t\u00e9s<\/h2>\n<ul>\n<li><a title=\"[Russe] Couleurs agouties\" href=\"http:\/\/noshamsters.be\/hamsteropedia\/?page_id=1238\">Voir les couleurs<\/a><\/li>\n<li><a title=\"[Russe] Marquages\" href=\"http:\/\/noshamsters.be\/hamsteropedia\/?page_id=1247\">Voir les marquages<\/a><\/li>\n<li><a title=\"[Russe] Types de poils\" href=\"http:\/\/noshamsters.be\/hamsteropedia\/?page_id=1256\">Voir les types de poils<\/a><\/li>\n<\/ul>\n<p style=\"text-align: center;\">Quelques exemples<\/p>\n\n\t\t<style type=\"text\/css\">\n\t\t\t#gallery-1 {\n\t\t\t\tmargin: auto;\n\t\t\t}\n\t\t\t#gallery-1 .gallery-item {\n\t\t\t\tfloat: left;\n\t\t\t\tmargin-top: 10px;\n\t\t\t\ttext-align: center;\n\t\t\t\twidth: 33%;\n\t\t\t}\n\t\t\t#gallery-1 img {\n\t\t\t\tborder: 2px solid #cfcfcf;\n\t\t\t}\n\t\t\t#gallery-1 .gallery-caption {\n\t\t\t\tmargin-left: 0;\n\t\t\t}\n\t\t\t\/* see gallery_shortcode() in wp-includes\/media.php *\/\n\t\t<\/style>\n\t\t<div id='gallery-1' class='gallery galleryid-615 gallery-columns-3 gallery-size-thumbnail'><dl class='gallery-item'>\n\t\t\t<dt class='gallery-icon landscape'>\n\t\t\t\t<a href='https:\/\/noshamsters.be\/hamsteropedia\/wp-content\/uploads\/2018\/03\/DSC07887-copy-copy.jpg'><img width=\"150\" height=\"150\" src=\"https:\/\/noshamsters.be\/hamsteropedia\/wp-content\/uploads\/2018\/03\/DSC07887-copy-copy-150x150.jpg\" class=\"attachment-thumbnail size-thumbnail\" alt=\"\" loading=\"lazy\" aria-describedby=\"gallery-1-2547\" \/><\/a>\n\t\t\t<\/dt>\n\t\t\t\t<dd class='wp-caption-text gallery-caption' id='gallery-1-2547'>\n\t\t\t\tPerle\n\t\t\t\t<\/dd><\/dl><dl class='gallery-item'>\n\t\t\t<dt class='gallery-icon landscape'>\n\t\t\t\t<a href='https:\/\/noshamsters.be\/hamsteropedia\/wp-content\/uploads\/2018\/03\/DSC05899-copy-copy.jpg'><img width=\"150\" height=\"150\" src=\"https:\/\/noshamsters.be\/hamsteropedia\/wp-content\/uploads\/2018\/03\/DSC05899-copy-copy-150x150.jpg\" class=\"attachment-thumbnail size-thumbnail\" alt=\"\" loading=\"lazy\" aria-describedby=\"gallery-1-2546\" \/><\/a>\n\t\t\t<\/dt>\n\t\t\t\t<dd class='wp-caption-text gallery-caption' id='gallery-1-2546'>\n\t\t\t\tAgouti\n\t\t\t\t<\/dd><\/dl><dl class='gallery-item'>\n\t\t\t<dt class='gallery-icon landscape'>\n\t\t\t\t<a href='https:\/\/noshamsters.be\/hamsteropedia\/wp-content\/uploads\/2018\/03\/DSC09832-copy-copy.jpg'><img width=\"150\" height=\"150\" src=\"https:\/\/noshamsters.be\/hamsteropedia\/wp-content\/uploads\/2018\/03\/DSC09832-copy-copy-150x150.jpg\" class=\"attachment-thumbnail size-thumbnail\" alt=\"\" loading=\"lazy\" aria-describedby=\"gallery-1-2545\" \/><\/a>\n\t\t\t<\/dt>\n\t\t\t\t<dd class='wp-caption-text gallery-caption' id='gallery-1-2545'>\n\t\t\t\tAgouti Perle\n\t\t\t\t<\/dd><\/dl><br style=\"clear: both\" \/><dl class='gallery-item'>\n\t\t\t<dt class='gallery-icon landscape'>\n\t\t\t\t<a href='https:\/\/noshamsters.be\/hamsteropedia\/wp-content\/uploads\/2018\/03\/DSC09521-copy-copy.jpg'><img width=\"150\" height=\"150\" src=\"https:\/\/noshamsters.be\/hamsteropedia\/wp-content\/uploads\/2018\/03\/DSC09521-copy-copy-150x150.jpg\" class=\"attachment-thumbnail size-thumbnail\" alt=\"\" loading=\"lazy\" aria-describedby=\"gallery-1-2544\" \/><\/a>\n\t\t\t<\/dt>\n\t\t\t\t<dd class='wp-caption-text gallery-caption' id='gallery-1-2544'>\n\t\t\t\tAgouti\n\t\t\t\t<\/dd><\/dl><dl class='gallery-item'>\n\t\t\t<dt class='gallery-icon landscape'>\n\t\t\t\t<a href='https:\/\/noshamsters.be\/hamsteropedia\/wp-content\/uploads\/2018\/03\/DSC03380-copy-copy.jpg'><img width=\"150\" height=\"150\" src=\"https:\/\/noshamsters.be\/hamsteropedia\/wp-content\/uploads\/2018\/03\/DSC03380-copy-copy-150x150.jpg\" class=\"attachment-thumbnail size-thumbnail\" alt=\"\" loading=\"lazy\" aria-describedby=\"gallery-1-2541\" \/><\/a>\n\t\t\t<\/dt>\n\t\t\t\t<dd class='wp-caption-text gallery-caption' id='gallery-1-2541'>\n\t\t\t\tPerle\n\t\t\t\t<\/dd><\/dl><dl class='gallery-item'>\n\t\t\t<dt class='gallery-icon landscape'>\n\t\t\t\t<a href='https:\/\/noshamsters.be\/hamsteropedia\/wp-content\/uploads\/2018\/03\/DSC07936-copy-copy.jpg'><img width=\"150\" height=\"150\" src=\"https:\/\/noshamsters.be\/hamsteropedia\/wp-content\/uploads\/2018\/03\/DSC07936-copy-copy-150x150.jpg\" class=\"attachment-thumbnail size-thumbnail\" alt=\"\" loading=\"lazy\" aria-describedby=\"gallery-1-2540\" \/><\/a>\n\t\t\t<\/dt>\n\t\t\t\t<dd class='wp-caption-text gallery-caption' id='gallery-1-2540'>\n\t\t\t\tSaphir\n\t\t\t\t<\/dd><\/dl><br style=\"clear: both\" \/><dl class='gallery-item'>\n\t\t\t<dt class='gallery-icon landscape'>\n\t\t\t\t<a href='https:\/\/noshamsters.be\/hamsteropedia\/wp-content\/uploads\/2012\/02\/DSC02478-copy-copy.jpg'><img width=\"150\" height=\"150\" src=\"https:\/\/noshamsters.be\/hamsteropedia\/wp-content\/uploads\/2012\/02\/DSC02478-copy-copy-150x150.jpg\" class=\"attachment-thumbnail size-thumbnail\" alt=\"\" loading=\"lazy\" aria-describedby=\"gallery-1-2214\" \/><\/a>\n\t\t\t<\/dt>\n\t\t\t\t<dd class='wp-caption-text gallery-caption' id='gallery-1-2214'>\n\t\t\t\tAgouti\n\t\t\t\t<\/dd><\/dl><dl class='gallery-item'>\n\t\t\t<dt class='gallery-icon landscape'>\n\t\t\t\t<a href='https:\/\/noshamsters.be\/hamsteropedia\/wp-content\/uploads\/2012\/03\/DSC01227-copy.jpg'><img width=\"150\" height=\"150\" src=\"https:\/\/noshamsters.be\/hamsteropedia\/wp-content\/uploads\/2012\/03\/DSC01227-copy-150x150.jpg\" class=\"attachment-thumbnail size-thumbnail\" alt=\"\" loading=\"lazy\" aria-describedby=\"gallery-1-1249\" \/><\/a>\n\t\t\t<\/dt>\n\t\t\t\t<dd class='wp-caption-text gallery-caption' id='gallery-1-1249'>\n\t\t\t\tSaphir merle\n\t\t\t\t<\/dd><\/dl><dl class='gallery-item'>\n\t\t\t<dt class='gallery-icon landscape'>\n\t\t\t\t<a href='https:\/\/noshamsters.be\/hamsteropedia\/wp-content\/uploads\/2018\/03\/DSC05606-copy-copy.jpg'><img width=\"150\" height=\"150\" src=\"https:\/\/noshamsters.be\/hamsteropedia\/wp-content\/uploads\/2018\/03\/DSC05606-copy-copy-150x150.jpg\" class=\"attachment-thumbnail size-thumbnail\" alt=\"\" loading=\"lazy\" aria-describedby=\"gallery-1-2542\" \/><\/a>\n\t\t\t<\/dt>\n\t\t\t\t<dd class='wp-caption-text gallery-caption' id='gallery-1-2542'>\n\t\t\t\tSaphir\n\t\t\t\t<\/dd><\/dl><br style=\"clear: both\" \/>\n\t\t<\/div>\n\n","protected":false},"excerpt":{"rendered":"<p>Origine Originaire des plaines de Sib\u00e9rie, le hamster nain russe est la proie des des rapaces, il a donc pour comportement de peur de s&rsquo;aplatir et attendre, ce qui en fait un animal peu agressif et plut\u00f4t placide. A l&rsquo;\u00e9tat sauvage, il vit en colonies sur de grands territoires (ce\u2026<\/p>\n<p> <a class=\"continue-reading-link\" href=\"https:\/\/noshamsters.be\/hamsteropedia\/?page_id=615\"><span>Lire la suite<\/span><i class=\"crycon-right-dir\"><\/i><\/a> <\/p>\n","protected":false},"author":1,"featured_media":0,"parent":590,"menu_order":1,"comment_status":"closed","ping_status":"open","template":"","meta":{"ngg_post_thumbnail":0},"_links":{"self":[{"href":"https:\/\/noshamsters.be\/hamsteropedia\/index.php?rest_route=\/wp\/v2\/pages\/615"}],"collection":[{"href":"https:\/\/noshamsters.be\/hamsteropedia\/index.php?rest_route=\/wp\/v2\/pages"}],"about":[{"href":"https:\/\/noshamsters.be\/hamsteropedia\/index.php?rest_route=\/wp\/v2\/types\/page"}],"author":[{"embeddable":true,"href":"https:\/\/noshamsters.be\/hamsteropedia\/index.php?rest_route=\/wp\/v2\/users\/1"}],"replies":[{"embeddable":true,"href":"https:\/\/noshamsters.be\/hamsteropedia\/index.php?rest_route=%2Fwp%2Fv2%2Fcomments&post=615"}],"version-history":[{"count":33,"href":"https:\/\/noshamsters.be\/hamsteropedia\/index.php?rest_route=\/wp\/v2\/pages\/615\/revisions"}],"predecessor-version":[{"id":2552,"href":"https:\/\/noshamsters.be\/hamsteropedia\/index.php?rest_route=\/wp\/v2\/pages\/615\/revisions\/2552"}],"up":[{"embeddable":true,"href":"https:\/\/noshamsters.be\/hamsteropedia\/index.php?rest_route=\/wp\/v2\/pages\/590"}],"wp:attachment":[{"href":"https:\/\/noshamsters.be\/hamsteropedia\/index.php?rest_route=%2Fwp%2Fv2%2Fmedia&parent=615"}],"curies":[{"name":"wp","href":"https:\/\/api.w.org\/{rel}","templated":true}]}}